{"id":724,"date":"2019-11-21T11:38:45","date_gmt":"2019-11-21T11:38:45","guid":{"rendered":"https:\/\/www.captainkomodo.com\/termes-et-conditions\/"},"modified":"2022-11-19T12:25:39","modified_gmt":"2022-11-19T12:25:39","slug":"termes-et-conditions","status":"publish","type":"page","link":"https:\/\/www.captainkomodo.com\/fr\/termes-et-conditions\/","title":{"rendered":"Termes et conditions"},"content":{"rendered":"<div class=\"fusion-fullwidth fullwidth-box fusion-builder-row-1 nonhundred-percent-fullwidth non-hundred-percent-height-scrolling\" style=\"--awb-border-radius-top-left:0px;--awb-border-radius-top-right:0px;--awb-border-radius-bottom-right:0px;--awb-border-radius-bottom-left:0px;--awb-flex-wrap:wrap;\" ><div class=\"fusion-builder-row fusion-row\"><div class=\"fusion-layout-column fusion_builder_column fusion-builder-column-0 fusion_builder_column_1_1 1_1 fusion-one-full fusion-column-first fusion-column-last\" style=\"--awb-bg-size:cover;\"><div class=\"fusion-column-wrapper fusion-column-has-shadow fusion-flex-column-wrapper-legacy\"><div class=\"fusion-text fusion-text-1\"><p class=\"tw-data-text tw-text-large tw-ta\" dir=\"ltr\" data-placeholder=\"Traduction\"><span lang=\"fr\" tabindex=\"0\">L&rsquo;achat de tout service offert par CAPTAIN KOMODO constitue un accord contractuel entre vous et CAPTAIN KOMODO et induit votre acceptation aux conditions g\u00e9n\u00e9rales de CAPTAIN KOMODO \u00e9nonc\u00e9es ci-dessous. Assurez-vous de lire attentivement ces conditions g\u00e9n\u00e9rales avant de r\u00e9server. \u00a0\u00a0\u00a0 <\/span><\/p>\n<p class=\"tw-data-text tw-text-large tw-ta\" dir=\"ltr\" data-placeholder=\"Traduction\"><span lang=\"fr\" tabindex=\"0\">1. Mode de paiement et transaction: <\/span><\/p>\n<p class=\"tw-data-text tw-text-large tw-ta\" dir=\"ltr\" data-placeholder=\"Traduction\"><span lang=\"fr\" tabindex=\"0\">Afin de confirmer votre r\u00e9servation sur ALCIRA, un acompte de 50% est requis. Le paiement peut \u00eatre effectu\u00e9 via notre lien TRANSFERWISE qui vous sera envoy\u00e9 par courrier \u00e9lectronique (Visa ou Mastercard) ou par virement bancaire sur notre compte en Indon\u00e9sie. Jusqu&rsquo;\u00e0 ce que le paiement soit re\u00e7u, les dates demand\u00e9es restent disponibles pour d&rsquo;autres r\u00e9servations. \u00a0\u00a0\u00a0 <\/span><\/p>\n<p class=\"tw-data-text tw-text-large tw-ta\" dir=\"ltr\" data-placeholder=\"Traduction\"><span lang=\"fr\" tabindex=\"0\">2. Politique de remboursement et d&rsquo;annulation: <\/span><\/p>\n<p class=\"tw-data-text tw-text-large tw-ta\" dir=\"ltr\" data-placeholder=\"Traduction\"><span lang=\"fr\" tabindex=\"0\">&#8211; Si la r\u00e9servation est annul\u00e9e par le client plus de 90 jours avant le d\u00e9part, un remboursement complet sera fourni. <\/span><\/p>\n<p class=\"tw-data-text tw-text-large tw-ta\" dir=\"ltr\" data-placeholder=\"Traduction\"><span lang=\"fr\" tabindex=\"0\">&#8211; Si la r\u00e9servation est annul\u00e9e par le client moins de 90 jours avant le d\u00e9part, aucun remboursement ne sera effectu\u00e9. <\/span><\/p>\n<p class=\"tw-data-text tw-text-large tw-ta\" dir=\"ltr\" data-placeholder=\"Traduction\"><span lang=\"fr\" tabindex=\"0\">&#8211; Tout remboursement sera amput\u00e9 des frais bancaires g\u00e9n\u00e9r\u00e9s. <\/span><\/p>\n<p id=\"tw-target-text\" class=\"tw-data-text tw-text-large tw-ta\" dir=\"ltr\" data-placeholder=\"Traduction\"><span lang=\"fr\" tabindex=\"0\"> 3. No show: <\/span><\/p>\n<p class=\"tw-data-text tw-text-large tw-ta\" dir=\"ltr\" data-placeholder=\"Traduction\"><span lang=\"fr\" tabindex=\"0\">&#8211; En cas de non pr\u00e9sentation sans pr\u00e9avis, \u00e0 l\u2019heure et au point de rendez-vous convenus, aucun remboursement ne sera accord\u00e9 et la croisi\u00e8re sera annul\u00e9e. Le paiement total de la r\u00e9servation sera r\u00e9clam\u00e9. \u00a0\u00a0 <\/span><\/p>\n<p class=\"tw-data-text tw-text-large tw-ta\" dir=\"ltr\" data-placeholder=\"Traduction\"><span lang=\"fr\" tabindex=\"0\">4. Cas de force majeure: <\/span><\/p>\n<p class=\"tw-data-text tw-text-large tw-ta\" dir=\"ltr\" data-placeholder=\"Traduction\"><span lang=\"fr\" tabindex=\"0\">CAPTAIN KOMODO d\u00e9cline toute responsabilit\u00e9 en cas d\u2019annulation en raison de cas de force majeure tel que des conditions m\u00e9t\u00e9orologiques extr\u00eames, des accidents, du brouillard, un tremblement de terre, l&rsquo;\u00e9ruption d&rsquo;un volcan, un tsunami,\u2026 les clients n\u2019auront droit \u00e0 aucune indemnit\u00e9 ou compensation pour la perte de la croisi\u00e8re. Si le voyage est retard\u00e9 en raison de cas de force majeure, les clients ne pourront pr\u00e9tendre \u00e0 aucune indemnisation pour la perte partielle du voyage. CAPITAIN KOMODO ne remboursera, ni ne compensera le retard, mais proposera de prolonger la croisi\u00e8re selon la disponibilit\u00e9 du bateau. En cas de probl\u00e8me technique annulant le d\u00e9part, retardant le d\u00e9part de plus de 3 heures, ou annulant l&rsquo;itin\u00e9raire pendant la croisi\u00e8re, le client aura droit \u00e0 un remboursement proportionnel au co\u00fbt de la croisi\u00e8re concern\u00e9 et \/ ou \u00e0 une solution de remplacement pouvant encore \u00eatre offerte par CAPTAIN KOMODO par une exp\u00e9rience \u00e9quivalente (d\u00e9cision et appr\u00e9ciation par la direction et en fonction des disponibilit\u00e9s). \u00a0\u00a0 <\/span><\/p>\n<p class=\"tw-data-text tw-text-large tw-ta\" dir=\"ltr\" data-placeholder=\"Traduction\"><span lang=\"fr\" tabindex=\"0\">5. Frais d&rsquo;entr\u00e9e au parc: <\/span><\/p>\n<p class=\"tw-data-text tw-text-large tw-ta\" dir=\"ltr\" data-placeholder=\"Traduction\"><span lang=\"fr\" tabindex=\"0\">Les frais d\u2019entr\u00e9e au parc ne sont pas inclus dans le prix et seront r\u00e9clam\u00e9s au d\u00e9part.<\/span><\/p>\n<p class=\"tw-data-text tw-text-large tw-ta\" dir=\"ltr\" data-placeholder=\"Traduction\"><span lang=\"fr\" tabindex=\"0\"> 6. Maladie, accidents ou incident: <\/span><\/p>\n<p class=\"tw-data-text tw-text-large tw-ta\" dir=\"ltr\" data-placeholder=\"Traduction\"><span lang=\"fr\" tabindex=\"0\">Notre soci\u00e9t\u00e9 ne peut en aucun cas \u00eatre tenue responsable des maladies, accidents ou incidents et de leurs cons\u00e9quences subis par nos clients pendant la dur\u00e9e du voyage. \u00a0 \u00a0\u00a0 <\/span><\/p>\n<p class=\"tw-data-text tw-text-large tw-ta\" dir=\"ltr\" data-placeholder=\"Traduction\"><span lang=\"fr\" tabindex=\"0\">7. Assurance voyage: <\/span><\/p>\n<p class=\"tw-data-text tw-text-large tw-ta\" dir=\"ltr\" data-placeholder=\"Traduction\"><span lang=\"fr\" tabindex=\"0\">Le client doit souscrire \u00e0 une assurance voyage appropri\u00e9e pour pouvoir participer \u00e0 une visite organis\u00e9e par CAPTAIN KOMODO. <\/span><\/p>\n<p class=\"tw-data-text tw-text-large tw-ta\" dir=\"ltr\" data-placeholder=\"Traduction\"><span lang=\"fr\" tabindex=\"0\">CAPTAIN KOMODO ne fournit aucune assurance. Le client est enti\u00e8rement responsable de la couverture de son assurance, ainsi que de la couverture des frais m\u00e9dicaux r\u00e9sultant d&rsquo;une maladie ou d&rsquo;un accident survenu pendant la croisi\u00e8re, ainsi que de la perte de son argent par l&rsquo;annulation et la r\u00e9duction du temps de la croisi\u00e8re pour des raisons d\u00e9crites ci-dessus. \u00a0\u00a0\u00a0 <\/span><\/p>\n<p class=\"tw-data-text tw-text-large tw-ta\" dir=\"ltr\" data-placeholder=\"Traduction\"><span lang=\"fr\" tabindex=\"0\">8. Retards: <\/span><\/p>\n<p class=\"tw-data-text tw-text-large tw-ta\" dir=\"ltr\" data-placeholder=\"Traduction\"><span lang=\"fr\" tabindex=\"0\">Tout horaire de d\u00e9part et d\u2019arriv\u00e9e fournies par les compagnies a\u00e9riennes ne sont que des estimations. Ils peuvent changer en raison de restrictions impos\u00e9es par le contr\u00f4le de la circulation a\u00e9rienne, de conditions m\u00e9t\u00e9orologiques, d&rsquo;exigences op\u00e9rationnelles ou de maintenance. CAPTAIN KOMODO n&rsquo;est pas responsable en cas de changement d&rsquo;horaire de vol. CAPTAIN KOMODO n&rsquo;est pas responsable des pertes subies si le client arrive en retard ou manque son vol. \u00a0\u00a0\u00a0 <\/span><\/p>\n<p class=\"tw-data-text tw-text-large tw-ta\" dir=\"ltr\" data-placeholder=\"Traduction\"><span lang=\"fr\" tabindex=\"0\">9. Changement de date: <\/span><\/p>\n<p class=\"tw-data-text tw-text-large tw-ta\" dir=\"ltr\" data-placeholder=\"Traduction\"><span lang=\"fr\" tabindex=\"0\">Le changement de date d&rsquo;une croisi\u00e8re sera consid\u00e9r\u00e9 comme une annulation et une nouvelle r\u00e9servation devra \u00eatre effectu\u00e9e. Les frais d&rsquo;annulation sont applicables (voir point n \u00b0 2). \u00a0\u00a0\u00a0<\/span><\/p>\n<p class=\"tw-data-text tw-text-large tw-ta\" dir=\"ltr\" data-placeholder=\"Traduction\"><span lang=\"fr\" tabindex=\"0\"> 10. Itin\u00e9raire: <\/span><\/p>\n<p class=\"tw-data-text tw-text-large tw-ta\" dir=\"ltr\" data-placeholder=\"Traduction\"><span lang=\"fr\" tabindex=\"0\">L&rsquo;itin\u00e9raire d&rsquo;origine peut \u00eatre modifi\u00e9 \u00e0 tout moment, en fonction des conditions m\u00e9t\u00e9orologiques et de la mar\u00e9e. Ceci est \u00e0 la discr\u00e9tion du capitaine \u00e0 bord. CAPTAIN KOMODO n&rsquo;acceptera aucune demande d&rsquo;indemnisation au motif du non-respect de l&rsquo;itin\u00e9raire d&rsquo;origine. <\/span><\/p>\n<p id=\"tw-target-text\" class=\"tw-data-text tw-text-large tw-ta\" dir=\"ltr\" data-placeholder=\"Traduction\"><span lang=\"fr\" tabindex=\"0\"> 11. Difficult\u00e9s techniques: <\/span><\/p>\n<p class=\"tw-data-text tw-text-large tw-ta\" dir=\"ltr\" data-placeholder=\"Traduction\"><span lang=\"fr\" tabindex=\"0\">En cas de difficult\u00e9s techniques avant le d\u00e9part, CAPTAIN KOMODO a droit \u00e0 une demi-journ\u00e9e pour effectuer une maintenance avec ses techniciens. Le client sera indemnis\u00e9 pour le temps perdu jusqu&rsquo;au d\u00e9part. \u00a0\u00a0\u00a0 <\/span><\/p>\n<p class=\"tw-data-text tw-text-large tw-ta\" dir=\"ltr\" data-placeholder=\"Traduction\"><span lang=\"fr\" tabindex=\"0\">12. Mauvais comportement et \u00e9tat de sant\u00e9: <\/span><\/p>\n<p class=\"tw-data-text tw-text-large tw-ta\" dir=\"ltr\" data-placeholder=\"Traduction\"><span lang=\"fr\" tabindex=\"0\">CAPTAIN KOMODO se r\u00e9serve le droit d\u2019annuler une croisi\u00e8re, sans remboursement, d\u2019un ou de plusieurs clients si l\u2019\u00e9quipage ou le directeur de la croisi\u00e8re estimait que le comportement ou l\u2019\u00e9tat de sant\u00e9 d\u2019un ou de plusieurs clients pouvait avoir une incidence sur la croisi\u00e8re et sur sa s\u00e9curit\u00e9. \u00a0\u00a0\u00a0 <\/span><\/p>\n<p class=\"tw-data-text tw-text-large tw-ta\" dir=\"ltr\" data-placeholder=\"Traduction\"><span lang=\"fr\" tabindex=\"0\">13. Dommage et perte: <\/span><\/p>\n<p class=\"tw-data-text tw-text-large tw-ta\" dir=\"ltr\" data-placeholder=\"Traduction\"><span lang=\"fr\" tabindex=\"0\">CAPTAIN KOMODO n&rsquo;est pas responsable en cas de dommage ou de perte des biens du client.<\/span><\/p>\n<p id=\"tw-target-text\" class=\"tw-data-text tw-text-large tw-ta\" dir=\"ltr\" data-placeholder=\"Traduction\"><span lang=\"fr\" tabindex=\"0\">\u00a0<\/span><\/p>\n<\/div><div class=\"fusion-clearfix\"><\/div><\/div><\/div><\/div><\/div>\n","protected":false},"excerpt":{"rendered":"","protected":false},"author":2,"featured_media":0,"parent":0,"menu_order":0,"comment_status":"closed","ping_status":"closed","template":"","meta":{"footnotes":""},"class_list":["post-724","page","type-page","status-publish","hentry"],"yoast_head":"<!-- This site is optimized with the Yoast SEO plugin v27.3 - https:\/\/yoast.com\/product\/yoast-seo-wordpress\/ -->\n<title>Termes et conditions - Captain Komodo<\/title>\n<meta name=\"robots\" content=\"index, follow, max-snippet:-1, max-image-preview:large, max-video-preview:-1\" \/>\n<link rel=\"canonical\" href=\"https:\/\/www.captainkomodo.com\/fr\/termes-et-conditions\/\" \/>\n<meta property=\"og:locale\" content=\"fr_FR\" \/>\n<meta property=\"og:type\" content=\"article\" \/>\n<meta property=\"og:title\" content=\"Termes et conditions - Captain Komodo\" \/>\n<meta property=\"og:url\" content=\"https:\/\/www.captainkomodo.com\/fr\/termes-et-conditions\/\" \/>\n<meta property=\"og:site_name\" content=\"Captain Komodo\" \/>\n<meta property=\"article:publisher\" content=\"https:\/\/www.facebook.com\/captainkomodo\" \/>\n<meta property=\"article:modified_time\" content=\"2022-11-19T12:25:39+00:00\" \/>\n<meta name=\"twitter:card\" content=\"summary_large_image\" \/>\n<meta name=\"twitter:site\" content=\"@captainkomodo\" \/>\n<meta name=\"twitter:label1\" content=\"Dur\u00e9e de lecture estim\u00e9e\" \/>\n\t<meta name=\"twitter:data1\" content=\"6 minutes\" \/>\n<script type=\"application\/ld+json\" class=\"yoast-schema-graph\">{\"@context\":\"https:\\\/\\\/schema.org\",\"@graph\":[{\"@type\":\"WebPage\",\"@id\":\"https:\\\/\\\/www.captainkomodo.com\\\/fr\\\/termes-et-conditions\\\/\",\"url\":\"https:\\\/\\\/www.captainkomodo.com\\\/fr\\\/termes-et-conditions\\\/\",\"name\":\"Termes et conditions - Captain Komodo\",\"isPartOf\":{\"@id\":\"https:\\\/\\\/www.captainkomodo.com\\\/fr\\\/#website\"},\"datePublished\":\"2019-11-21T11:38:45+00:00\",\"dateModified\":\"2022-11-19T12:25:39+00:00\",\"breadcrumb\":{\"@id\":\"https:\\\/\\\/www.captainkomodo.com\\\/fr\\\/termes-et-conditions\\\/#breadcrumb\"},\"inLanguage\":\"fr-FR\",\"potentialAction\":[{\"@type\":\"ReadAction\",\"target\":[\"https:\\\/\\\/www.captainkomodo.com\\\/fr\\\/termes-et-conditions\\\/\"]}]},{\"@type\":\"BreadcrumbList\",\"@id\":\"https:\\\/\\\/www.captainkomodo.com\\\/fr\\\/termes-et-conditions\\\/#breadcrumb\",\"itemListElement\":[{\"@type\":\"ListItem\",\"position\":1,\"name\":\"Home\",\"item\":\"https:\\\/\\\/www.captainkomodo.com\\\/fr\\\/\"},{\"@type\":\"ListItem\",\"position\":2,\"name\":\"Termes et conditions\"}]},{\"@type\":\"WebSite\",\"@id\":\"https:\\\/\\\/www.captainkomodo.com\\\/fr\\\/#website\",\"url\":\"https:\\\/\\\/www.captainkomodo.com\\\/fr\\\/\",\"name\":\"CaptainKomodo\",\"description\":\"Liveaboard Boat Komodo islands\",\"publisher\":{\"@id\":\"https:\\\/\\\/www.captainkomodo.com\\\/fr\\\/#organization\"},\"potentialAction\":[{\"@type\":\"SearchAction\",\"target\":{\"@type\":\"EntryPoint\",\"urlTemplate\":\"https:\\\/\\\/www.captainkomodo.com\\\/fr\\\/?s={search_term_string}\"},\"query-input\":{\"@type\":\"PropertyValueSpecification\",\"valueRequired\":true,\"valueName\":\"search_term_string\"}}],\"inLanguage\":\"fr-FR\"},{\"@type\":\"Organization\",\"@id\":\"https:\\\/\\\/www.captainkomodo.com\\\/fr\\\/#organization\",\"name\":\"Captain Komodo\",\"url\":\"https:\\\/\\\/www.captainkomodo.com\\\/fr\\\/\",\"logo\":{\"@type\":\"ImageObject\",\"inLanguage\":\"fr-FR\",\"@id\":\"https:\\\/\\\/www.captainkomodo.com\\\/fr\\\/#\\\/schema\\\/logo\\\/image\\\/\",\"url\":\"https:\\\/\\\/www.captainkomodo.com\\\/wp-content\\\/uploads\\\/2019\\\/11\\\/logo-transparent-400.png\",\"contentUrl\":\"https:\\\/\\\/www.captainkomodo.com\\\/wp-content\\\/uploads\\\/2019\\\/11\\\/logo-transparent-400.png\",\"width\":400,\"height\":503,\"caption\":\"Captain Komodo\"},\"image\":{\"@id\":\"https:\\\/\\\/www.captainkomodo.com\\\/fr\\\/#\\\/schema\\\/logo\\\/image\\\/\"},\"sameAs\":[\"https:\\\/\\\/www.facebook.com\\\/captainkomodo\",\"https:\\\/\\\/x.com\\\/captainkomodo\",\"https:\\\/\\\/www.instagram.com\\\/captainkomodo\",\"https:\\\/\\\/www.youtube.com\\\/channel\\\/UCPcx3nuaDyPrZqKf0N44umw\"]}]}<\/script>\n<!-- \/ Yoast SEO plugin. -->","yoast_head_json":{"title":"Termes et conditions - Captain Komodo","robots":{"index":"index","follow":"follow","max-snippet":"max-snippet:-1","max-image-preview":"max-image-preview:large","max-video-preview":"max-video-preview:-1"},"canonical":"https:\/\/www.captainkomodo.com\/fr\/termes-et-conditions\/","og_locale":"fr_FR","og_type":"article","og_title":"Termes et conditions - Captain Komodo","og_url":"https:\/\/www.captainkomodo.com\/fr\/termes-et-conditions\/","og_site_name":"Captain Komodo","article_publisher":"https:\/\/www.facebook.com\/captainkomodo","article_modified_time":"2022-11-19T12:25:39+00:00","twitter_card":"summary_large_image","twitter_site":"@captainkomodo","twitter_misc":{"Dur\u00e9e de lecture estim\u00e9e":"6 minutes"},"schema":{"@context":"https:\/\/schema.org","@graph":[{"@type":"WebPage","@id":"https:\/\/www.captainkomodo.com\/fr\/termes-et-conditions\/","url":"https:\/\/www.captainkomodo.com\/fr\/termes-et-conditions\/","name":"Termes et conditions - Captain Komodo","isPartOf":{"@id":"https:\/\/www.captainkomodo.com\/fr\/#website"},"datePublished":"2019-11-21T11:38:45+00:00","dateModified":"2022-11-19T12:25:39+00:00","breadcrumb":{"@id":"https:\/\/www.captainkomodo.com\/fr\/termes-et-conditions\/#breadcrumb"},"inLanguage":"fr-FR","potentialAction":[{"@type":"ReadAction","target":["https:\/\/www.captainkomodo.com\/fr\/termes-et-conditions\/"]}]},{"@type":"BreadcrumbList","@id":"https:\/\/www.captainkomodo.com\/fr\/termes-et-conditions\/#breadcrumb","itemListElement":[{"@type":"ListItem","position":1,"name":"Home","item":"https:\/\/www.captainkomodo.com\/fr\/"},{"@type":"ListItem","position":2,"name":"Termes et conditions"}]},{"@type":"WebSite","@id":"https:\/\/www.captainkomodo.com\/fr\/#website","url":"https:\/\/www.captainkomodo.com\/fr\/","name":"CaptainKomodo","description":"Liveaboard Boat Komodo islands","publisher":{"@id":"https:\/\/www.captainkomodo.com\/fr\/#organization"},"potentialAction":[{"@type":"SearchAction","target":{"@type":"EntryPoint","urlTemplate":"https:\/\/www.captainkomodo.com\/fr\/?s={search_term_string}"},"query-input":{"@type":"PropertyValueSpecification","valueRequired":true,"valueName":"search_term_string"}}],"inLanguage":"fr-FR"},{"@type":"Organization","@id":"https:\/\/www.captainkomodo.com\/fr\/#organization","name":"Captain Komodo","url":"https:\/\/www.captainkomodo.com\/fr\/","logo":{"@type":"ImageObject","inLanguage":"fr-FR","@id":"https:\/\/www.captainkomodo.com\/fr\/#\/schema\/logo\/image\/","url":"https:\/\/www.captainkomodo.com\/wp-content\/uploads\/2019\/11\/logo-transparent-400.png","contentUrl":"https:\/\/www.captainkomodo.com\/wp-content\/uploads\/2019\/11\/logo-transparent-400.png","width":400,"height":503,"caption":"Captain Komodo"},"image":{"@id":"https:\/\/www.captainkomodo.com\/fr\/#\/schema\/logo\/image\/"},"sameAs":["https:\/\/www.facebook.com\/captainkomodo","https:\/\/x.com\/captainkomodo","https:\/\/www.instagram.com\/captainkomodo","https:\/\/www.youtube.com\/channel\/UCPcx3nuaDyPrZqKf0N44umw"]}]}},"_links":{"self":[{"href":"https:\/\/www.captainkomodo.com\/fr\/wp-json\/wp\/v2\/pages\/724","targetHints":{"allow":["GET"]}}],"collection":[{"href":"https:\/\/www.captainkomodo.com\/fr\/wp-json\/wp\/v2\/pages"}],"about":[{"href":"https:\/\/www.captainkomodo.com\/fr\/wp-json\/wp\/v2\/types\/page"}],"author":[{"embeddable":true,"href":"https:\/\/www.captainkomodo.com\/fr\/wp-json\/wp\/v2\/users\/2"}],"replies":[{"embeddable":true,"href":"https:\/\/www.captainkomodo.com\/fr\/wp-json\/wp\/v2\/comments?post=724"}],"version-history":[{"count":5,"href":"https:\/\/www.captainkomodo.com\/fr\/wp-json\/wp\/v2\/pages\/724\/revisions"}],"predecessor-version":[{"id":3222,"href":"https:\/\/www.captainkomodo.com\/fr\/wp-json\/wp\/v2\/pages\/724\/revisions\/3222"}],"wp:attachment":[{"href":"https:\/\/www.captainkomodo.com\/fr\/wp-json\/wp\/v2\/media?parent=724"}],"curies":[{"name":"wp","href":"https:\/\/api.w.org\/{rel}","templated":true}]}}