{"id":1893,"date":"2020-10-07T00:59:35","date_gmt":"2020-10-07T00:59:35","guid":{"rendered":"https:\/\/www.captainkomodo.com\/destinations\/ile-de-kanawa\/"},"modified":"2022-11-18T12:45:03","modified_gmt":"2022-11-18T12:45:03","slug":"ile-de-kanawa","status":"publish","type":"page","link":"https:\/\/www.captainkomodo.com\/fr\/destinations\/ile-de-kanawa\/","title":{"rendered":"\u00cele de Kanawa"},"content":{"rendered":"<p><div class=\"fusion-fullwidth fullwidth-box fusion-builder-row-1 nonhundred-percent-fullwidth non-hundred-percent-height-scrolling\" style=\"--awb-border-radius-top-left:0px;--awb-border-radius-top-right:0px;--awb-border-radius-bottom-right:0px;--awb-border-radius-bottom-left:0px;--awb-flex-wrap:wrap;\" ><div class=\"fusion-builder-row fusion-row\"><div class=\"fusion-layout-column fusion_builder_column fusion-builder-column-0 fusion_builder_column_1_2 1_2 fusion-one-half fusion-column-first\" style=\"--awb-bg-size:cover;width:50%;width:calc(50% - ( ( 4% ) * 0.5 ) );margin-right: 4%;\"><div class=\"fusion-column-wrapper fusion-flex-column-wrapper-legacy\"><div class=\"fusion-text fusion-text-1\"><h2>\u00cele de Kanawa: Bienvenue au paradis<\/h2>\n<p>L\u2019\u00eele de Kanawa est consid\u00e9r\u00e9e comme l\u2019une des \u00eeles les plus idylliques d\u2019Asie du Sud-Est. Situ\u00e9e en bordure du parc, Kanawa est connue pour ses plages de sable blanc et ses r\u00e9cifs coralliens.  Souvent d\u00e9crite comme une \u00eele paradisiaque, c\u2019est l\u2019endroit id\u00e9al pour se reposer, se d\u00e9tendre et faire de la randonn\u00e9e subaquatique sur le r\u00e9cif environnant. Des dauphins, des raies pastenagues, des tortues et de nombreuses \u00e9toiles de mer vivent dans le r\u00e9cif \u00e0 proximit\u00e9 de l\u2019\u00eele. \u00c0 seulement 35 minutes de Labuan Bajo, la majeure partie de l\u2019excursion d\u2019une journ\u00e9e s\u2019arr\u00eatera \u00e0 Kanawa pour terminer la journ\u00e9e et admirer le magnifique coucher de soleil sur le volcan Sangeang. Kanawa poss\u00e8de une petite station baln\u00e9aire situ\u00e9e sur la partie sud qui peut vous accueillir pour une nuit ou plus. Au centre de l\u2019\u00eele, une colline garantit une vue imprenable \u00e0 360 degr\u00e9s sur tout le <a href=\"http:\/\/Kanawa%20Island\">parc national de Komodo<\/a>, offrant l\u2019un des couchers de soleil les plus spectaculaires au monde.<\/p>\n<\/div><div class=\"fusion-clearfix\"><\/div><\/div><\/div><div class=\"fusion-layout-column fusion_builder_column fusion-builder-column-1 fusion_builder_column_1_2 1_2 fusion-one-half fusion-column-last\" style=\"--awb-bg-size:cover;width:50%;width:calc(50% - ( ( 4% ) * 0.5 ) );\"><div class=\"fusion-column-wrapper fusion-flex-column-wrapper-legacy\"><div class=\"fusion-text fusion-text-2\"><p><iframe src=\"https:\/\/maps.google.com\/maps?q=Kanawa%20Island%2C%20East%20Nusa%20Tenggara+(Kanawa%20Island)&amp;ie=UTF8&amp;t=&amp;z=10&amp;iwloc=B&amp;output=embed\" width=\"500\" height=\"350\" frameborder=\"0\" marginwidth=\"0\" marginheight=\"0\" scrolling=\"no\"><\/iframe><\/p>\n<\/div><div class=\"fusion-clearfix\"><\/div><\/div><\/div><\/div><\/div><div class=\"fusion-fullwidth fullwidth-box fusion-builder-row-2 nonhundred-percent-fullwidth non-hundred-percent-height-scrolling\" style=\"--awb-border-radius-top-left:0px;--awb-border-radius-top-right:0px;--awb-border-radius-bottom-right:0px;--awb-border-radius-bottom-left:0px;--awb-flex-wrap:wrap;\" ><div class=\"fusion-builder-row fusion-row\"><div class=\"fusion-layout-column fusion_builder_column fusion-builder-column-2 fusion_builder_column_1_1 1_1 fusion-one-full fusion-column-first fusion-column-last\" style=\"--awb-bg-size:cover;\"><div class=\"fusion-column-wrapper fusion-column-has-shadow fusion-flex-column-wrapper-legacy\"><div class=\"fusion-text fusion-text-3\"><p style=\"text-align: center;\">D\u00e9couvrir plus \u2026<\/p>\n<\/div><div class=\"fusion-clearfix\"><\/div><\/div><\/div><\/div><\/div><div class=\"fusion-fullwidth fullwidth-box fusion-builder-row-3 nonhundred-percent-fullwidth non-hundred-percent-height-scrolling\" style=\"--awb-border-radius-top-left:0px;--awb-border-radius-top-right:0px;--awb-border-radius-bottom-right:0px;--awb-border-radius-bottom-left:0px;--awb-flex-wrap:wrap;\" ><div class=\"fusion-builder-row fusion-row\"><div class=\"fusion-layout-column fusion_builder_column fusion-builder-column-3 fusion_builder_column_1_3 1_3 fusion-one-third fusion-column-first\" style=\"--awb-bg-size:cover;width:33.333333333333%;width:calc(33.333333333333% - ( ( 4% + 4% ) * 0.33333333333333 ) );margin-right: 4%;\"><div class=\"fusion-column-wrapper fusion-column-has-shadow fusion-flex-column-wrapper-legacy\"><div class=\"fusion-image-element in-legacy-container\" style=\"--awb-caption-title-font-family:var(--h2_typography-font-family);--awb-caption-title-font-weight:var(--h2_typography-font-weight);--awb-caption-title-font-style:var(--h2_typography-font-style);--awb-caption-title-size:var(--h2_typography-font-size);--awb-caption-title-transform:var(--h2_typography-text-transform);--awb-caption-title-line-height:var(--h2_typography-line-height);--awb-caption-title-letter-spacing:var(--h2_typography-letter-spacing);\"><span class=\" fusion-imageframe imageframe-none imageframe-1 hover-type-zoomin\"><a class=\"fusion-no-lightbox\" href=\"https:\/\/www.captainkomodo.com\/fr\/gili-lawa-2-3\/\" target=\"_self\" aria-label=\"Gili Lawa Darat\"><img decoding=\"async\" width=\"600\" height=\"400\" src=\"https:\/\/www.captainkomodo.com\/wp-content\/uploads\/2019\/12\/gili-lawa-darat.jpg\" alt class=\"img-responsive wp-image-1164\" srcset=\"https:\/\/www.captainkomodo.com\/wp-content\/uploads\/2019\/12\/gili-lawa-darat-200x133.jpg 200w, https:\/\/www.captainkomodo.com\/wp-content\/uploads\/2019\/12\/gili-lawa-darat-400x267.jpg 400w, https:\/\/www.captainkomodo.com\/wp-content\/uploads\/2019\/12\/gili-lawa-darat.jpg 600w\" sizes=\"(max-width: 800px) 100vw, 400px\" \/><\/a><\/span><\/div><div class=\"fusion-clearfix\"><\/div><\/div><\/div><div class=\"fusion-layout-column fusion_builder_column fusion-builder-column-4 fusion_builder_column_1_3 1_3 fusion-one-third\" style=\"--awb-bg-size:cover;width:33.333333333333%;width:calc(33.333333333333% - ( ( 4% + 4% ) * 0.33333333333333 ) );margin-right: 4%;\"><div class=\"fusion-column-wrapper fusion-column-has-shadow fusion-flex-column-wrapper-legacy\"><div class=\"fusion-image-element in-legacy-container\" style=\"--awb-caption-title-font-family:var(--h2_typography-font-family);--awb-caption-title-font-weight:var(--h2_typography-font-weight);--awb-caption-title-font-style:var(--h2_typography-font-style);--awb-caption-title-size:var(--h2_typography-font-size);--awb-caption-title-transform:var(--h2_typography-text-transform);--awb-caption-title-line-height:var(--h2_typography-line-height);--awb-caption-title-letter-spacing:var(--h2_typography-letter-spacing);\"><span class=\" fusion-imageframe imageframe-none imageframe-2 hover-type-zoomin\"><a class=\"fusion-no-lightbox\" href=\"https:\/\/www.captainkomodo.com\/spots\/sabolan-besar-island\/\" target=\"_self\" aria-label=\"Dragon de Komodo\"><img decoding=\"async\" width=\"600\" height=\"400\" src=\"https:\/\/www.captainkomodo.com\/wp-content\/uploads\/2019\/12\/komodo-dragon-posing-for-picture.jpg\" alt class=\"img-responsive wp-image-1169\" srcset=\"https:\/\/www.captainkomodo.com\/wp-content\/uploads\/2019\/12\/komodo-dragon-posing-for-picture-200x133.jpg 200w, https:\/\/www.captainkomodo.com\/wp-content\/uploads\/2019\/12\/komodo-dragon-posing-for-picture-400x267.jpg 400w, https:\/\/www.captainkomodo.com\/wp-content\/uploads\/2019\/12\/komodo-dragon-posing-for-picture.jpg 600w\" sizes=\"(max-width: 800px) 100vw, 400px\" \/><\/a><\/span><\/div><div class=\"fusion-clearfix\"><\/div><\/div><\/div><div class=\"fusion-layout-column fusion_builder_column fusion-builder-column-5 fusion_builder_column_1_3 1_3 fusion-one-third fusion-column-last\" style=\"--awb-bg-size:cover;width:33.333333333333%;width:calc(33.333333333333% - ( ( 4% + 4% ) * 0.33333333333333 ) );\"><div class=\"fusion-column-wrapper fusion-column-has-shadow fusion-flex-column-wrapper-legacy\"><div class=\"fusion-image-element in-legacy-container\" style=\"--awb-caption-title-font-family:var(--h2_typography-font-family);--awb-caption-title-font-weight:var(--h2_typography-font-weight);--awb-caption-title-font-style:var(--h2_typography-font-style);--awb-caption-title-size:var(--h2_typography-font-size);--awb-caption-title-transform:var(--h2_typography-text-transform);--awb-caption-title-line-height:var(--h2_typography-line-height);--awb-caption-title-letter-spacing:var(--h2_typography-letter-spacing);\"><span class=\" fusion-imageframe imageframe-none imageframe-3 hover-type-zoomin\"><a class=\"fusion-no-lightbox\" href=\"https:\/\/www.captainkomodo.com\/spots\/manta-point\/\" target=\"_self\" aria-label=\"Manta Point\"><img decoding=\"async\" width=\"600\" height=\"400\" src=\"https:\/\/www.captainkomodo.com\/wp-content\/uploads\/2019\/12\/manta-point-underwater-photography.jpg\" alt class=\"img-responsive wp-image-1228\" srcset=\"https:\/\/www.captainkomodo.com\/wp-content\/uploads\/2019\/12\/manta-point-underwater-photography-200x133.jpg 200w, https:\/\/www.captainkomodo.com\/wp-content\/uploads\/2019\/12\/manta-point-underwater-photography-400x267.jpg 400w, https:\/\/www.captainkomodo.com\/wp-content\/uploads\/2019\/12\/manta-point-underwater-photography.jpg 600w\" sizes=\"(max-width: 800px) 100vw, 400px\" \/><\/a><\/span><\/div><div class=\"fusion-clearfix\"><\/div><\/div><\/div><\/div><\/div><\/p>\n","protected":false},"excerpt":{"rendered":"","protected":false},"author":2,"featured_media":0,"parent":723,"menu_order":0,"comment_status":"closed","ping_status":"closed","template":"","meta":{"footnotes":""},"class_list":["post-1893","page","type-page","status-publish","hentry"],"yoast_head":"<!-- This site is optimized with the Yoast SEO plugin v27.4 - https:\/\/yoast.com\/product\/yoast-seo-wordpress\/ -->\n<title>\u00cele de Kanawa : Rejoignez notre croisi\u00e8re. R\u00e9servez maintenant !<\/title>\n<meta name=\"description\" content=\"Situ\u00e9e \u00e0 la fronti\u00e8re du parc, l&#039;\u00eele de Kanawa est connue pour ses plages de sable blanc et ses r\u00e9cifs coralliens. Elle est souvent d\u00e9crite comme une \u00eele paradisiaque.\" \/>\n<meta name=\"robots\" content=\"index, follow, max-snippet:-1, max-image-preview:large, max-video-preview:-1\" \/>\n<link rel=\"canonical\" href=\"https:\/\/www.captainkomodo.com\/fr\/destinations\/ile-de-kanawa\/\" \/>\n<meta property=\"og:locale\" content=\"fr_FR\" \/>\n<meta property=\"og:type\" content=\"article\" \/>\n<meta property=\"og:title\" content=\"\u00cele de Kanawa : Rejoignez notre croisi\u00e8re. R\u00e9servez maintenant !\" \/>\n<meta property=\"og:description\" content=\"Situ\u00e9e \u00e0 la fronti\u00e8re du parc, l&#039;\u00eele de Kanawa est connue pour ses plages de sable blanc et ses r\u00e9cifs coralliens. Elle est souvent d\u00e9crite comme une \u00eele paradisiaque.\" \/>\n<meta property=\"og:url\" content=\"https:\/\/www.captainkomodo.com\/fr\/destinations\/ile-de-kanawa\/\" \/>\n<meta property=\"og:site_name\" content=\"Captain Komodo\" \/>\n<meta property=\"article:publisher\" content=\"https:\/\/www.facebook.com\/captainkomodo\" \/>\n<meta property=\"article:modified_time\" content=\"2022-11-18T12:45:03+00:00\" \/>\n<meta name=\"twitter:card\" content=\"summary_large_image\" \/>\n<meta name=\"twitter:site\" content=\"@captainkomodo\" \/>\n<meta name=\"twitter:label1\" content=\"Dur\u00e9e de lecture estim\u00e9e\" \/>\n\t<meta name=\"twitter:data1\" content=\"9 minutes\" \/>\n<script type=\"application\/ld+json\" class=\"yoast-schema-graph\">{\"@context\":\"https:\\\/\\\/schema.org\",\"@graph\":[{\"@type\":\"WebPage\",\"@id\":\"https:\\\/\\\/www.captainkomodo.com\\\/fr\\\/destinations\\\/ile-de-kanawa\\\/\",\"url\":\"https:\\\/\\\/www.captainkomodo.com\\\/fr\\\/destinations\\\/ile-de-kanawa\\\/\",\"name\":\"\u00cele de Kanawa : Rejoignez notre croisi\u00e8re. R\u00e9servez maintenant !\",\"isPartOf\":{\"@id\":\"https:\\\/\\\/www.captainkomodo.com\\\/fr\\\/#website\"},\"datePublished\":\"2020-10-07T00:59:35+00:00\",\"dateModified\":\"2022-11-18T12:45:03+00:00\",\"description\":\"Situ\u00e9e \u00e0 la fronti\u00e8re du parc, l'\u00eele de Kanawa est connue pour ses plages de sable blanc et ses r\u00e9cifs coralliens. Elle est souvent d\u00e9crite comme une \u00eele paradisiaque.\",\"breadcrumb\":{\"@id\":\"https:\\\/\\\/www.captainkomodo.com\\\/fr\\\/destinations\\\/ile-de-kanawa\\\/#breadcrumb\"},\"inLanguage\":\"fr-FR\",\"potentialAction\":[{\"@type\":\"ReadAction\",\"target\":[\"https:\\\/\\\/www.captainkomodo.com\\\/fr\\\/destinations\\\/ile-de-kanawa\\\/\"]}]},{\"@type\":\"BreadcrumbList\",\"@id\":\"https:\\\/\\\/www.captainkomodo.com\\\/fr\\\/destinations\\\/ile-de-kanawa\\\/#breadcrumb\",\"itemListElement\":[{\"@type\":\"ListItem\",\"position\":1,\"name\":\"Home\",\"item\":\"https:\\\/\\\/www.captainkomodo.com\\\/fr\\\/\"},{\"@type\":\"ListItem\",\"position\":2,\"name\":\"Spots\",\"item\":\"https:\\\/\\\/www.captainkomodo.com\\\/fr\\\/destinations\\\/\"},{\"@type\":\"ListItem\",\"position\":3,\"name\":\"\u00cele de Kanawa\"}]},{\"@type\":\"WebSite\",\"@id\":\"https:\\\/\\\/www.captainkomodo.com\\\/fr\\\/#website\",\"url\":\"https:\\\/\\\/www.captainkomodo.com\\\/fr\\\/\",\"name\":\"CaptainKomodo\",\"description\":\"Liveaboard Boat Komodo islands\",\"publisher\":{\"@id\":\"https:\\\/\\\/www.captainkomodo.com\\\/fr\\\/#organization\"},\"potentialAction\":[{\"@type\":\"SearchAction\",\"target\":{\"@type\":\"EntryPoint\",\"urlTemplate\":\"https:\\\/\\\/www.captainkomodo.com\\\/fr\\\/?s={search_term_string}\"},\"query-input\":{\"@type\":\"PropertyValueSpecification\",\"valueRequired\":true,\"valueName\":\"search_term_string\"}}],\"inLanguage\":\"fr-FR\"},{\"@type\":\"Organization\",\"@id\":\"https:\\\/\\\/www.captainkomodo.com\\\/fr\\\/#organization\",\"name\":\"Captain Komodo\",\"url\":\"https:\\\/\\\/www.captainkomodo.com\\\/fr\\\/\",\"logo\":{\"@type\":\"ImageObject\",\"inLanguage\":\"fr-FR\",\"@id\":\"https:\\\/\\\/www.captainkomodo.com\\\/fr\\\/#\\\/schema\\\/logo\\\/image\\\/\",\"url\":\"https:\\\/\\\/www.captainkomodo.com\\\/wp-content\\\/uploads\\\/2019\\\/11\\\/logo-transparent-400.png\",\"contentUrl\":\"https:\\\/\\\/www.captainkomodo.com\\\/wp-content\\\/uploads\\\/2019\\\/11\\\/logo-transparent-400.png\",\"width\":400,\"height\":503,\"caption\":\"Captain Komodo\"},\"image\":{\"@id\":\"https:\\\/\\\/www.captainkomodo.com\\\/fr\\\/#\\\/schema\\\/logo\\\/image\\\/\"},\"sameAs\":[\"https:\\\/\\\/www.facebook.com\\\/captainkomodo\",\"https:\\\/\\\/x.com\\\/captainkomodo\",\"https:\\\/\\\/www.instagram.com\\\/captainkomodo\",\"https:\\\/\\\/www.youtube.com\\\/channel\\\/UCPcx3nuaDyPrZqKf0N44umw\"]}]}<\/script>\n<!-- \/ Yoast SEO plugin. -->","yoast_head_json":{"title":"\u00cele de Kanawa : Rejoignez notre croisi\u00e8re. R\u00e9servez maintenant !","description":"Situ\u00e9e \u00e0 la fronti\u00e8re du parc, l'\u00eele de Kanawa est connue pour ses plages de sable blanc et ses r\u00e9cifs coralliens. Elle est souvent d\u00e9crite comme une \u00eele paradisiaque.","robots":{"index":"index","follow":"follow","max-snippet":"max-snippet:-1","max-image-preview":"max-image-preview:large","max-video-preview":"max-video-preview:-1"},"canonical":"https:\/\/www.captainkomodo.com\/fr\/destinations\/ile-de-kanawa\/","og_locale":"fr_FR","og_type":"article","og_title":"\u00cele de Kanawa : Rejoignez notre croisi\u00e8re. R\u00e9servez maintenant !","og_description":"Situ\u00e9e \u00e0 la fronti\u00e8re du parc, l'\u00eele de Kanawa est connue pour ses plages de sable blanc et ses r\u00e9cifs coralliens. Elle est souvent d\u00e9crite comme une \u00eele paradisiaque.","og_url":"https:\/\/www.captainkomodo.com\/fr\/destinations\/ile-de-kanawa\/","og_site_name":"Captain Komodo","article_publisher":"https:\/\/www.facebook.com\/captainkomodo","article_modified_time":"2022-11-18T12:45:03+00:00","twitter_card":"summary_large_image","twitter_site":"@captainkomodo","twitter_misc":{"Dur\u00e9e de lecture estim\u00e9e":"9 minutes"},"schema":{"@context":"https:\/\/schema.org","@graph":[{"@type":"WebPage","@id":"https:\/\/www.captainkomodo.com\/fr\/destinations\/ile-de-kanawa\/","url":"https:\/\/www.captainkomodo.com\/fr\/destinations\/ile-de-kanawa\/","name":"\u00cele de Kanawa : Rejoignez notre croisi\u00e8re. R\u00e9servez maintenant !","isPartOf":{"@id":"https:\/\/www.captainkomodo.com\/fr\/#website"},"datePublished":"2020-10-07T00:59:35+00:00","dateModified":"2022-11-18T12:45:03+00:00","description":"Situ\u00e9e \u00e0 la fronti\u00e8re du parc, l'\u00eele de Kanawa est connue pour ses plages de sable blanc et ses r\u00e9cifs coralliens. Elle est souvent d\u00e9crite comme une \u00eele paradisiaque.","breadcrumb":{"@id":"https:\/\/www.captainkomodo.com\/fr\/destinations\/ile-de-kanawa\/#breadcrumb"},"inLanguage":"fr-FR","potentialAction":[{"@type":"ReadAction","target":["https:\/\/www.captainkomodo.com\/fr\/destinations\/ile-de-kanawa\/"]}]},{"@type":"BreadcrumbList","@id":"https:\/\/www.captainkomodo.com\/fr\/destinations\/ile-de-kanawa\/#breadcrumb","itemListElement":[{"@type":"ListItem","position":1,"name":"Home","item":"https:\/\/www.captainkomodo.com\/fr\/"},{"@type":"ListItem","position":2,"name":"Spots","item":"https:\/\/www.captainkomodo.com\/fr\/destinations\/"},{"@type":"ListItem","position":3,"name":"\u00cele de Kanawa"}]},{"@type":"WebSite","@id":"https:\/\/www.captainkomodo.com\/fr\/#website","url":"https:\/\/www.captainkomodo.com\/fr\/","name":"CaptainKomodo","description":"Liveaboard Boat Komodo islands","publisher":{"@id":"https:\/\/www.captainkomodo.com\/fr\/#organization"},"potentialAction":[{"@type":"SearchAction","target":{"@type":"EntryPoint","urlTemplate":"https:\/\/www.captainkomodo.com\/fr\/?s={search_term_string}"},"query-input":{"@type":"PropertyValueSpecification","valueRequired":true,"valueName":"search_term_string"}}],"inLanguage":"fr-FR"},{"@type":"Organization","@id":"https:\/\/www.captainkomodo.com\/fr\/#organization","name":"Captain Komodo","url":"https:\/\/www.captainkomodo.com\/fr\/","logo":{"@type":"ImageObject","inLanguage":"fr-FR","@id":"https:\/\/www.captainkomodo.com\/fr\/#\/schema\/logo\/image\/","url":"https:\/\/www.captainkomodo.com\/wp-content\/uploads\/2019\/11\/logo-transparent-400.png","contentUrl":"https:\/\/www.captainkomodo.com\/wp-content\/uploads\/2019\/11\/logo-transparent-400.png","width":400,"height":503,"caption":"Captain Komodo"},"image":{"@id":"https:\/\/www.captainkomodo.com\/fr\/#\/schema\/logo\/image\/"},"sameAs":["https:\/\/www.facebook.com\/captainkomodo","https:\/\/x.com\/captainkomodo","https:\/\/www.instagram.com\/captainkomodo","https:\/\/www.youtube.com\/channel\/UCPcx3nuaDyPrZqKf0N44umw"]}]}},"_links":{"self":[{"href":"https:\/\/www.captainkomodo.com\/fr\/wp-json\/wp\/v2\/pages\/1893","targetHints":{"allow":["GET"]}}],"collection":[{"href":"https:\/\/www.captainkomodo.com\/fr\/wp-json\/wp\/v2\/pages"}],"about":[{"href":"https:\/\/www.captainkomodo.com\/fr\/wp-json\/wp\/v2\/types\/page"}],"author":[{"embeddable":true,"href":"https:\/\/www.captainkomodo.com\/fr\/wp-json\/wp\/v2\/users\/2"}],"replies":[{"embeddable":true,"href":"https:\/\/www.captainkomodo.com\/fr\/wp-json\/wp\/v2\/comments?post=1893"}],"version-history":[{"count":6,"href":"https:\/\/www.captainkomodo.com\/fr\/wp-json\/wp\/v2\/pages\/1893\/revisions"}],"predecessor-version":[{"id":3145,"href":"https:\/\/www.captainkomodo.com\/fr\/wp-json\/wp\/v2\/pages\/1893\/revisions\/3145"}],"up":[{"embeddable":true,"href":"https:\/\/www.captainkomodo.com\/fr\/wp-json\/wp\/v2\/pages\/723"}],"wp:attachment":[{"href":"https:\/\/www.captainkomodo.com\/fr\/wp-json\/wp\/v2\/media?parent=1893"}],"curies":[{"name":"wp","href":"https:\/\/api.w.org\/{rel}","templated":true}]}}