{"id":1889,"date":"2020-10-07T00:54:03","date_gmt":"2020-10-07T00:54:03","guid":{"rendered":"https:\/\/www.captainkomodo.com\/destinations\/ile-de-kelor\/"},"modified":"2024-10-31T05:37:34","modified_gmt":"2024-10-31T05:37:34","slug":"ile-de-kelor","status":"publish","type":"page","link":"https:\/\/www.captainkomodo.com\/fr\/destinations\/ile-de-kelor\/","title":{"rendered":"\u00cele Kelor"},"content":{"rendered":"<p><div class=\"fusion-fullwidth fullwidth-box fusion-builder-row-1 nonhundred-percent-fullwidth non-hundred-percent-height-scrolling\" style=\"--awb-border-radius-top-left:0px;--awb-border-radius-top-right:0px;--awb-border-radius-bottom-right:0px;--awb-border-radius-bottom-left:0px;--awb-flex-wrap:wrap;\" ><div class=\"fusion-builder-row fusion-row\"><div class=\"fusion-layout-column fusion_builder_column fusion-builder-column-0 fusion_builder_column_1_2 1_2 fusion-one-half fusion-column-first\" style=\"--awb-bg-size:cover;width:50%;width:calc(50% - ( ( 4% ) * 0.5 ) );margin-right: 4%;\"><div class=\"fusion-column-wrapper fusion-flex-column-wrapper-legacy\"><div class=\"fusion-text fusion-text-1\"><h2>Kelor Island : Un point de vue \u00e9tonnant<\/h2>\n<p>Ce sera notre premi\u00e8re destination. Kelor est une petite \u00eele inhabit\u00e9e situ\u00e9e en face des magnifiques collines de Flores. C&rsquo;est l&rsquo;une des activit\u00e9s incontournables du <a href=\"https:\/\/www.komodonationalpark.org\/\">parc national de Komodo<\/a>, car la vue depuis le sommet de l&rsquo;\u00eele est tout simplement \u00e9poustouflante. Une courte randonn\u00e9e de 15 minutes vous m\u00e8nera au sommet o\u00f9 vous aurez une vue panoramique sur Flores, l&rsquo;\u00eele de Rinca et de nombreuses autres petites \u00eeles. C&rsquo;est l&rsquo;endroit id\u00e9al pour prendre des photos et des selfies. L&rsquo;eau est claire et les deux plages de sable blanc sont parfaites pour se d\u00e9tendre et nager autour de nombreux types de poissons, y compris les poissons clowns \u00e9galement appel\u00e9s Nemo.<\/p>\n<\/div><div class=\"fusion-clearfix\"><\/div><\/div><\/div><div class=\"fusion-layout-column fusion_builder_column fusion-builder-column-1 fusion_builder_column_1_2 1_2 fusion-one-half fusion-column-last\" style=\"--awb-bg-size:cover;width:50%;width:calc(50% - ( ( 4% ) * 0.5 ) );\"><div class=\"fusion-column-wrapper fusion-flex-column-wrapper-legacy\"><div class=\"fusion-text fusion-text-2\"><p><iframe src=\"https:\/\/maps.google.com\/maps?q=moringa%20snorkeling%20beach%2C%20East%20Nusa%20Tenggara+(Kelor%20Island)&amp;ie=UTF8&amp;t=&amp;z=10&amp;iwloc=B&amp;output=embed\" width=\"500\" height=\"300\" frameborder=\"0\" marginwidth=\"0\" marginheight=\"0\" scrolling=\"no\"><\/iframe><\/p>\n<\/div><div class=\"fusion-clearfix\"><\/div><\/div><\/div><\/div><\/div><div class=\"fusion-fullwidth fullwidth-box fusion-builder-row-2 nonhundred-percent-fullwidth non-hundred-percent-height-scrolling\" style=\"--awb-border-radius-top-left:0px;--awb-border-radius-top-right:0px;--awb-border-radius-bottom-right:0px;--awb-border-radius-bottom-left:0px;--awb-flex-wrap:wrap;\" ><div class=\"fusion-builder-row fusion-row\"><div class=\"fusion-layout-column fusion_builder_column fusion-builder-column-2 fusion_builder_column_1_1 1_1 fusion-one-full fusion-column-first fusion-column-last\" style=\"--awb-bg-size:cover;\"><div class=\"fusion-column-wrapper fusion-column-has-shadow fusion-flex-column-wrapper-legacy\"><div class=\"fusion-text fusion-text-3\"><p style=\"text-align: center;\">D\u00e9couvrir plus \u2026<\/p>\n<\/div><div class=\"fusion-clearfix\"><\/div><\/div><\/div><\/div><\/div><div class=\"fusion-fullwidth fullwidth-box fusion-builder-row-3 nonhundred-percent-fullwidth non-hundred-percent-height-scrolling\" style=\"--awb-border-radius-top-left:0px;--awb-border-radius-top-right:0px;--awb-border-radius-bottom-right:0px;--awb-border-radius-bottom-left:0px;--awb-flex-wrap:wrap;\" ><div class=\"fusion-builder-row fusion-row\"><div class=\"fusion-layout-column fusion_builder_column fusion-builder-column-3 fusion_builder_column_1_3 1_3 fusion-one-third fusion-column-first\" style=\"--awb-bg-size:cover;width:33.333333333333%;width:calc(33.333333333333% - ( ( 4% + 4% ) * 0.33333333333333 ) );margin-right: 4%;\"><div class=\"fusion-column-wrapper fusion-column-has-shadow fusion-flex-column-wrapper-legacy\"><div class=\"fusion-image-element in-legacy-container\" style=\"--awb-caption-title-font-family:var(--h2_typography-font-family);--awb-caption-title-font-weight:var(--h2_typography-font-weight);--awb-caption-title-font-style:var(--h2_typography-font-style);--awb-caption-title-size:var(--h2_typography-font-size);--awb-caption-title-transform:var(--h2_typography-text-transform);--awb-caption-title-line-height:var(--h2_typography-line-height);--awb-caption-title-letter-spacing:var(--h2_typography-letter-spacing);\"><span class=\" fusion-imageframe imageframe-none imageframe-1 hover-type-zoomin\"><a class=\"fusion-no-lightbox\" href=\"https:\/\/www.captainkomodo.com\/spots\/kanawa-island\/\" target=\"_self\" aria-label=\"\u00cele de Kanawa\"><img decoding=\"async\" width=\"600\" height=\"400\" src=\"https:\/\/www.captainkomodo.com\/wp-content\/uploads\/2019\/12\/kanawa-island-beach-view.jpg\" alt class=\"img-responsive wp-image-1159\" srcset=\"https:\/\/www.captainkomodo.com\/wp-content\/uploads\/2019\/12\/kanawa-island-beach-view-200x133.jpg 200w, https:\/\/www.captainkomodo.com\/wp-content\/uploads\/2019\/12\/kanawa-island-beach-view-400x267.jpg 400w, https:\/\/www.captainkomodo.com\/wp-content\/uploads\/2019\/12\/kanawa-island-beach-view.jpg 600w\" sizes=\"(max-width: 800px) 100vw, 400px\" \/><\/a><\/span><\/div><div class=\"fusion-clearfix\"><\/div><\/div><\/div><div class=\"fusion-layout-column fusion_builder_column fusion-builder-column-4 fusion_builder_column_1_3 1_3 fusion-one-third\" style=\"--awb-bg-size:cover;width:33.333333333333%;width:calc(33.333333333333% - ( ( 4% + 4% ) * 0.33333333333333 ) );margin-right: 4%;\"><div class=\"fusion-column-wrapper fusion-column-has-shadow fusion-flex-column-wrapper-legacy\"><div class=\"fusion-image-element in-legacy-container\" style=\"--awb-caption-title-font-family:var(--h2_typography-font-family);--awb-caption-title-font-weight:var(--h2_typography-font-weight);--awb-caption-title-font-style:var(--h2_typography-font-style);--awb-caption-title-size:var(--h2_typography-font-size);--awb-caption-title-transform:var(--h2_typography-text-transform);--awb-caption-title-line-height:var(--h2_typography-line-height);--awb-caption-title-letter-spacing:var(--h2_typography-letter-spacing);\"><span class=\" fusion-imageframe imageframe-none imageframe-2 hover-type-zoomin\"><a class=\"fusion-no-lightbox\" href=\"https:\/\/www.captainkomodo.com\/fr\/gili-lawa-2-3\/\" target=\"_self\" aria-label=\"Gili Lawa Darat\"><img decoding=\"async\" width=\"600\" height=\"400\" src=\"https:\/\/www.captainkomodo.com\/wp-content\/uploads\/2019\/12\/gili-lawa-darat.jpg\" alt class=\"img-responsive wp-image-1164\" srcset=\"https:\/\/www.captainkomodo.com\/wp-content\/uploads\/2019\/12\/gili-lawa-darat-200x133.jpg 200w, https:\/\/www.captainkomodo.com\/wp-content\/uploads\/2019\/12\/gili-lawa-darat-400x267.jpg 400w, https:\/\/www.captainkomodo.com\/wp-content\/uploads\/2019\/12\/gili-lawa-darat.jpg 600w\" sizes=\"(max-width: 800px) 100vw, 400px\" \/><\/a><\/span><\/div><div class=\"fusion-clearfix\"><\/div><\/div><\/div><div class=\"fusion-layout-column fusion_builder_column fusion-builder-column-5 fusion_builder_column_1_3 1_3 fusion-one-third fusion-column-last\" style=\"--awb-bg-size:cover;width:33.333333333333%;width:calc(33.333333333333% - ( ( 4% + 4% ) * 0.33333333333333 ) );\"><div class=\"fusion-column-wrapper fusion-column-has-shadow fusion-flex-column-wrapper-legacy\"><div class=\"fusion-image-element in-legacy-container\" style=\"--awb-caption-title-font-family:var(--h2_typography-font-family);--awb-caption-title-font-weight:var(--h2_typography-font-weight);--awb-caption-title-font-style:var(--h2_typography-font-style);--awb-caption-title-size:var(--h2_typography-font-size);--awb-caption-title-transform:var(--h2_typography-text-transform);--awb-caption-title-line-height:var(--h2_typography-line-height);--awb-caption-title-letter-spacing:var(--h2_typography-letter-spacing);\"><span class=\" fusion-imageframe imageframe-none imageframe-3 hover-type-zoomin\"><a class=\"fusion-no-lightbox\" href=\"https:\/\/www.captainkomodo.com\/spots\/sabolan-besar-island\/\" target=\"_self\" aria-label=\"Dragon de Komodo\"><img decoding=\"async\" width=\"600\" height=\"400\" src=\"https:\/\/www.captainkomodo.com\/wp-content\/uploads\/2019\/12\/komodo-dragon-posing-for-picture.jpg\" alt class=\"img-responsive wp-image-1169\" srcset=\"https:\/\/www.captainkomodo.com\/wp-content\/uploads\/2019\/12\/komodo-dragon-posing-for-picture-200x133.jpg 200w, https:\/\/www.captainkomodo.com\/wp-content\/uploads\/2019\/12\/komodo-dragon-posing-for-picture-400x267.jpg 400w, https:\/\/www.captainkomodo.com\/wp-content\/uploads\/2019\/12\/komodo-dragon-posing-for-picture.jpg 600w\" sizes=\"(max-width: 800px) 100vw, 400px\" \/><\/a><\/span><\/div><div class=\"fusion-clearfix\"><\/div><\/div><\/div><\/div><\/div><\/p>\n","protected":false},"excerpt":{"rendered":"","protected":false},"author":2,"featured_media":0,"parent":723,"menu_order":0,"comment_status":"closed","ping_status":"closed","template":"","meta":{"footnotes":""},"class_list":["post-1889","page","type-page","status-publish","hentry"],"yoast_head":"<!-- This site is optimized with the Yoast SEO plugin v27.4 - https:\/\/yoast.com\/product\/yoast-seo-wordpress\/ -->\n<title>Kelor Island : Explorez le parc national de Komodo lors d&#039;une croisi\u00e8re en mer.<\/title>\n<meta name=\"description\" content=\"L&#039;\u00eele de Kelor est l&#039;un des sites incontournables du parc national de Komodo, car la vue depuis le sommet de l&#039;\u00eele est tout simplement \u00e9poustouflante.\" \/>\n<meta name=\"robots\" content=\"index, follow, max-snippet:-1, max-image-preview:large, max-video-preview:-1\" \/>\n<link rel=\"canonical\" href=\"https:\/\/www.captainkomodo.com\/fr\/destinations\/ile-de-kelor\/\" \/>\n<meta property=\"og:locale\" content=\"fr_FR\" \/>\n<meta property=\"og:type\" content=\"article\" \/>\n<meta property=\"og:title\" content=\"Kelor Island : Explorez le parc national de Komodo lors d&#039;une croisi\u00e8re en mer.\" \/>\n<meta property=\"og:description\" content=\"L&#039;\u00eele de Kelor est l&#039;un des sites incontournables du parc national de Komodo, car la vue depuis le sommet de l&#039;\u00eele est tout simplement \u00e9poustouflante.\" \/>\n<meta property=\"og:url\" content=\"https:\/\/www.captainkomodo.com\/fr\/destinations\/ile-de-kelor\/\" \/>\n<meta property=\"og:site_name\" content=\"Captain Komodo\" \/>\n<meta property=\"article:publisher\" content=\"https:\/\/www.facebook.com\/captainkomodo\" \/>\n<meta property=\"article:modified_time\" content=\"2024-10-31T05:37:34+00:00\" \/>\n<meta name=\"twitter:card\" content=\"summary_large_image\" \/>\n<meta name=\"twitter:site\" content=\"@captainkomodo\" \/>\n<meta name=\"twitter:label1\" content=\"Dur\u00e9e de lecture estim\u00e9e\" \/>\n\t<meta name=\"twitter:data1\" content=\"8 minutes\" \/>\n<script type=\"application\/ld+json\" class=\"yoast-schema-graph\">{\"@context\":\"https:\\\/\\\/schema.org\",\"@graph\":[{\"@type\":\"WebPage\",\"@id\":\"https:\\\/\\\/www.captainkomodo.com\\\/fr\\\/destinations\\\/ile-de-kelor\\\/\",\"url\":\"https:\\\/\\\/www.captainkomodo.com\\\/fr\\\/destinations\\\/ile-de-kelor\\\/\",\"name\":\"Kelor Island : Explorez le parc national de Komodo lors d'une croisi\u00e8re en mer.\",\"isPartOf\":{\"@id\":\"https:\\\/\\\/www.captainkomodo.com\\\/fr\\\/#website\"},\"datePublished\":\"2020-10-07T00:54:03+00:00\",\"dateModified\":\"2024-10-31T05:37:34+00:00\",\"description\":\"L'\u00eele de Kelor est l'un des sites incontournables du parc national de Komodo, car la vue depuis le sommet de l'\u00eele est tout simplement \u00e9poustouflante.\",\"breadcrumb\":{\"@id\":\"https:\\\/\\\/www.captainkomodo.com\\\/fr\\\/destinations\\\/ile-de-kelor\\\/#breadcrumb\"},\"inLanguage\":\"fr-FR\",\"potentialAction\":[{\"@type\":\"ReadAction\",\"target\":[\"https:\\\/\\\/www.captainkomodo.com\\\/fr\\\/destinations\\\/ile-de-kelor\\\/\"]}]},{\"@type\":\"BreadcrumbList\",\"@id\":\"https:\\\/\\\/www.captainkomodo.com\\\/fr\\\/destinations\\\/ile-de-kelor\\\/#breadcrumb\",\"itemListElement\":[{\"@type\":\"ListItem\",\"position\":1,\"name\":\"Home\",\"item\":\"https:\\\/\\\/www.captainkomodo.com\\\/fr\\\/\"},{\"@type\":\"ListItem\",\"position\":2,\"name\":\"Spots\",\"item\":\"https:\\\/\\\/www.captainkomodo.com\\\/fr\\\/destinations\\\/\"},{\"@type\":\"ListItem\",\"position\":3,\"name\":\"\u00cele Kelor\"}]},{\"@type\":\"WebSite\",\"@id\":\"https:\\\/\\\/www.captainkomodo.com\\\/fr\\\/#website\",\"url\":\"https:\\\/\\\/www.captainkomodo.com\\\/fr\\\/\",\"name\":\"CaptainKomodo\",\"description\":\"Liveaboard Boat Komodo islands\",\"publisher\":{\"@id\":\"https:\\\/\\\/www.captainkomodo.com\\\/fr\\\/#organization\"},\"potentialAction\":[{\"@type\":\"SearchAction\",\"target\":{\"@type\":\"EntryPoint\",\"urlTemplate\":\"https:\\\/\\\/www.captainkomodo.com\\\/fr\\\/?s={search_term_string}\"},\"query-input\":{\"@type\":\"PropertyValueSpecification\",\"valueRequired\":true,\"valueName\":\"search_term_string\"}}],\"inLanguage\":\"fr-FR\"},{\"@type\":\"Organization\",\"@id\":\"https:\\\/\\\/www.captainkomodo.com\\\/fr\\\/#organization\",\"name\":\"Captain Komodo\",\"url\":\"https:\\\/\\\/www.captainkomodo.com\\\/fr\\\/\",\"logo\":{\"@type\":\"ImageObject\",\"inLanguage\":\"fr-FR\",\"@id\":\"https:\\\/\\\/www.captainkomodo.com\\\/fr\\\/#\\\/schema\\\/logo\\\/image\\\/\",\"url\":\"https:\\\/\\\/www.captainkomodo.com\\\/wp-content\\\/uploads\\\/2019\\\/11\\\/logo-transparent-400.png\",\"contentUrl\":\"https:\\\/\\\/www.captainkomodo.com\\\/wp-content\\\/uploads\\\/2019\\\/11\\\/logo-transparent-400.png\",\"width\":400,\"height\":503,\"caption\":\"Captain Komodo\"},\"image\":{\"@id\":\"https:\\\/\\\/www.captainkomodo.com\\\/fr\\\/#\\\/schema\\\/logo\\\/image\\\/\"},\"sameAs\":[\"https:\\\/\\\/www.facebook.com\\\/captainkomodo\",\"https:\\\/\\\/x.com\\\/captainkomodo\",\"https:\\\/\\\/www.instagram.com\\\/captainkomodo\",\"https:\\\/\\\/www.youtube.com\\\/channel\\\/UCPcx3nuaDyPrZqKf0N44umw\"]}]}<\/script>\n<!-- \/ Yoast SEO plugin. -->","yoast_head_json":{"title":"Kelor Island : Explorez le parc national de Komodo lors d'une croisi\u00e8re en mer.","description":"L'\u00eele de Kelor est l'un des sites incontournables du parc national de Komodo, car la vue depuis le sommet de l'\u00eele est tout simplement \u00e9poustouflante.","robots":{"index":"index","follow":"follow","max-snippet":"max-snippet:-1","max-image-preview":"max-image-preview:large","max-video-preview":"max-video-preview:-1"},"canonical":"https:\/\/www.captainkomodo.com\/fr\/destinations\/ile-de-kelor\/","og_locale":"fr_FR","og_type":"article","og_title":"Kelor Island : Explorez le parc national de Komodo lors d'une croisi\u00e8re en mer.","og_description":"L'\u00eele de Kelor est l'un des sites incontournables du parc national de Komodo, car la vue depuis le sommet de l'\u00eele est tout simplement \u00e9poustouflante.","og_url":"https:\/\/www.captainkomodo.com\/fr\/destinations\/ile-de-kelor\/","og_site_name":"Captain Komodo","article_publisher":"https:\/\/www.facebook.com\/captainkomodo","article_modified_time":"2024-10-31T05:37:34+00:00","twitter_card":"summary_large_image","twitter_site":"@captainkomodo","twitter_misc":{"Dur\u00e9e de lecture estim\u00e9e":"8 minutes"},"schema":{"@context":"https:\/\/schema.org","@graph":[{"@type":"WebPage","@id":"https:\/\/www.captainkomodo.com\/fr\/destinations\/ile-de-kelor\/","url":"https:\/\/www.captainkomodo.com\/fr\/destinations\/ile-de-kelor\/","name":"Kelor Island : Explorez le parc national de Komodo lors d'une croisi\u00e8re en mer.","isPartOf":{"@id":"https:\/\/www.captainkomodo.com\/fr\/#website"},"datePublished":"2020-10-07T00:54:03+00:00","dateModified":"2024-10-31T05:37:34+00:00","description":"L'\u00eele de Kelor est l'un des sites incontournables du parc national de Komodo, car la vue depuis le sommet de l'\u00eele est tout simplement \u00e9poustouflante.","breadcrumb":{"@id":"https:\/\/www.captainkomodo.com\/fr\/destinations\/ile-de-kelor\/#breadcrumb"},"inLanguage":"fr-FR","potentialAction":[{"@type":"ReadAction","target":["https:\/\/www.captainkomodo.com\/fr\/destinations\/ile-de-kelor\/"]}]},{"@type":"BreadcrumbList","@id":"https:\/\/www.captainkomodo.com\/fr\/destinations\/ile-de-kelor\/#breadcrumb","itemListElement":[{"@type":"ListItem","position":1,"name":"Home","item":"https:\/\/www.captainkomodo.com\/fr\/"},{"@type":"ListItem","position":2,"name":"Spots","item":"https:\/\/www.captainkomodo.com\/fr\/destinations\/"},{"@type":"ListItem","position":3,"name":"\u00cele Kelor"}]},{"@type":"WebSite","@id":"https:\/\/www.captainkomodo.com\/fr\/#website","url":"https:\/\/www.captainkomodo.com\/fr\/","name":"CaptainKomodo","description":"Liveaboard Boat Komodo islands","publisher":{"@id":"https:\/\/www.captainkomodo.com\/fr\/#organization"},"potentialAction":[{"@type":"SearchAction","target":{"@type":"EntryPoint","urlTemplate":"https:\/\/www.captainkomodo.com\/fr\/?s={search_term_string}"},"query-input":{"@type":"PropertyValueSpecification","valueRequired":true,"valueName":"search_term_string"}}],"inLanguage":"fr-FR"},{"@type":"Organization","@id":"https:\/\/www.captainkomodo.com\/fr\/#organization","name":"Captain Komodo","url":"https:\/\/www.captainkomodo.com\/fr\/","logo":{"@type":"ImageObject","inLanguage":"fr-FR","@id":"https:\/\/www.captainkomodo.com\/fr\/#\/schema\/logo\/image\/","url":"https:\/\/www.captainkomodo.com\/wp-content\/uploads\/2019\/11\/logo-transparent-400.png","contentUrl":"https:\/\/www.captainkomodo.com\/wp-content\/uploads\/2019\/11\/logo-transparent-400.png","width":400,"height":503,"caption":"Captain Komodo"},"image":{"@id":"https:\/\/www.captainkomodo.com\/fr\/#\/schema\/logo\/image\/"},"sameAs":["https:\/\/www.facebook.com\/captainkomodo","https:\/\/x.com\/captainkomodo","https:\/\/www.instagram.com\/captainkomodo","https:\/\/www.youtube.com\/channel\/UCPcx3nuaDyPrZqKf0N44umw"]}]}},"_links":{"self":[{"href":"https:\/\/www.captainkomodo.com\/fr\/wp-json\/wp\/v2\/pages\/1889","targetHints":{"allow":["GET"]}}],"collection":[{"href":"https:\/\/www.captainkomodo.com\/fr\/wp-json\/wp\/v2\/pages"}],"about":[{"href":"https:\/\/www.captainkomodo.com\/fr\/wp-json\/wp\/v2\/types\/page"}],"author":[{"embeddable":true,"href":"https:\/\/www.captainkomodo.com\/fr\/wp-json\/wp\/v2\/users\/2"}],"replies":[{"embeddable":true,"href":"https:\/\/www.captainkomodo.com\/fr\/wp-json\/wp\/v2\/comments?post=1889"}],"version-history":[{"count":5,"href":"https:\/\/www.captainkomodo.com\/fr\/wp-json\/wp\/v2\/pages\/1889\/revisions"}],"predecessor-version":[{"id":3550,"href":"https:\/\/www.captainkomodo.com\/fr\/wp-json\/wp\/v2\/pages\/1889\/revisions\/3550"}],"up":[{"embeddable":true,"href":"https:\/\/www.captainkomodo.com\/fr\/wp-json\/wp\/v2\/pages\/723"}],"wp:attachment":[{"href":"https:\/\/www.captainkomodo.com\/fr\/wp-json\/wp\/v2\/media?parent=1889"}],"curies":[{"name":"wp","href":"https:\/\/api.w.org\/{rel}","templated":true}]}}