{"id":1861,"date":"2020-10-06T03:34:59","date_gmt":"2020-10-06T03:34:59","guid":{"rendered":"https:\/\/www.captainkomodo.com\/destinations\/manta-point\/"},"modified":"2020-10-16T04:05:46","modified_gmt":"2020-10-16T04:05:46","slug":"manta-point","status":"publish","type":"page","link":"https:\/\/www.captainkomodo.com\/fr\/destinations\/manta-point\/","title":{"rendered":"Manta Point"},"content":{"rendered":"<p><div class=\"fusion-fullwidth fullwidth-box fusion-builder-row-1 nonhundred-percent-fullwidth non-hundred-percent-height-scrolling\" style=\"--awb-border-radius-top-left:0px;--awb-border-radius-top-right:0px;--awb-border-radius-bottom-right:0px;--awb-border-radius-bottom-left:0px;--awb-flex-wrap:wrap;\" ><div class=\"fusion-builder-row fusion-row\"><div class=\"fusion-layout-column fusion_builder_column fusion-builder-column-0 fusion_builder_column_1_2 1_2 fusion-one-half fusion-column-first\" style=\"--awb-bg-size:cover;width:50%;width:calc(50% - ( ( 4% ) * 0.5 ) );margin-right: 4%;\"><div class=\"fusion-column-wrapper fusion-flex-column-wrapper-legacy\"><div class=\"fusion-text fusion-text-1\"><h2 class=\"tw-data-text tw-text-large XcVN5d tw-ta\" dir=\"ltr\" data-placeholder=\"Traduction\"><span lang=\"fr\">Manta Point: Nagez avec les\u00a0<\/span><span lang=\"fr\">raies Manta <\/span><span lang=\"fr\">g\u00e9antes<\/span><\/h2>\n<p class=\"tw-data-text tw-text-large XcVN5d tw-ta\" dir=\"ltr\" data-placeholder=\"Traduction\"><span lang=\"fr\">Manta Point offre un spot de nage pour tout le monde. Les r\u00e9cifs sont \u00e0 seulement 2 \u00e0 9 m\u00e8tres de profondeur. C\u2019est l\u2019endroit id\u00e9al pour observer les raies manta dans le parc national de Komodo, une \u00e9norme cr\u00e9ature marine pouvant atteindre 4 m\u00e8tres de large. Les raies manta sont une esp\u00e8ce menac\u00e9e. Les tortues, les requins, les raies aigles, les carangues g\u00e9antes, les \u00e9normes palourdes, divers types d&rsquo;\u00e9ponges et les seiches sont des animaux marins que vous pourrez voir lors de votre exp\u00e9dition.<\/span><\/p>\n<\/div><div class=\"fusion-clearfix\"><\/div><\/div><\/div><div class=\"fusion-layout-column fusion_builder_column fusion-builder-column-1 fusion_builder_column_1_2 1_2 fusion-one-half fusion-column-last\" style=\"--awb-bg-size:cover;width:50%;width:calc(50% - ( ( 4% ) * 0.5 ) );\"><div class=\"fusion-column-wrapper fusion-flex-column-wrapper-legacy\"><div class=\"fusion-text fusion-text-2\"><p><iframe src=\"https:\/\/maps.google.com\/maps?q=manta%20point%2C%20East%20Nusa%20Tenggara+(Manta%20Point)&amp;ie=UTF8&amp;t=&amp;z=10&amp;iwloc=B&amp;output=embed\" width=\"500\" height=\"400\" frameborder=\"0\" marginwidth=\"0\" marginheight=\"0\" scrolling=\"no\"><\/iframe><\/p>\n<\/div><div class=\"fusion-clearfix\"><\/div><\/div><\/div><\/div><\/div><div class=\"fusion-fullwidth fullwidth-box fusion-builder-row-2 nonhundred-percent-fullwidth non-hundred-percent-height-scrolling\" style=\"--awb-border-radius-top-left:0px;--awb-border-radius-top-right:0px;--awb-border-radius-bottom-right:0px;--awb-border-radius-bottom-left:0px;--awb-flex-wrap:wrap;\" ><div class=\"fusion-builder-row fusion-row\"><div class=\"fusion-layout-column fusion_builder_column fusion-builder-column-2 fusion_builder_column_1_1 1_1 fusion-one-full fusion-column-first fusion-column-last\" style=\"--awb-bg-size:cover;\"><div class=\"fusion-column-wrapper fusion-column-has-shadow fusion-flex-column-wrapper-legacy\"><div class=\"fusion-text fusion-text-3\"><p id=\"tw-target-text\" class=\"tw-data-text tw-text-large XcVN5d tw-ta\" dir=\"ltr\" style=\"text-align: center;\" data-placeholder=\"Traduction\"><span lang=\"fr\">D\u00e9couvrir plus &#8230;<\/span><\/p>\n<\/div><div class=\"fusion-clearfix\"><\/div><\/div><\/div><\/div><\/div><div class=\"fusion-fullwidth fullwidth-box fusion-builder-row-3 nonhundred-percent-fullwidth non-hundred-percent-height-scrolling\" style=\"--awb-border-radius-top-left:0px;--awb-border-radius-top-right:0px;--awb-border-radius-bottom-right:0px;--awb-border-radius-bottom-left:0px;--awb-flex-wrap:wrap;\" ><div class=\"fusion-builder-row fusion-row\"><div class=\"fusion-layout-column fusion_builder_column fusion-builder-column-3 fusion_builder_column_1_3 1_3 fusion-one-third fusion-column-first\" style=\"--awb-bg-size:cover;width:33.333333333333%;width:calc(33.333333333333% - ( ( 4% + 4% ) * 0.33333333333333 ) );margin-right: 4%;\"><div class=\"fusion-column-wrapper fusion-column-has-shadow fusion-flex-column-wrapper-legacy\"><div class=\"fusion-image-element in-legacy-container\" style=\"--awb-caption-title-font-family:var(--h2_typography-font-family);--awb-caption-title-font-weight:var(--h2_typography-font-weight);--awb-caption-title-font-style:var(--h2_typography-font-style);--awb-caption-title-size:var(--h2_typography-font-size);--awb-caption-title-transform:var(--h2_typography-text-transform);--awb-caption-title-line-height:var(--h2_typography-line-height);--awb-caption-title-letter-spacing:var(--h2_typography-letter-spacing);\"><span class=\" fusion-imageframe imageframe-none imageframe-1 hover-type-zoomin\"><a class=\"fusion-no-lightbox\" href=\"https:\/\/www.captainkomodo.com\/fr\/destinations\/ile-de-kalong\/\" target=\"_self\" aria-label=\"Kalong\"><img decoding=\"async\" width=\"600\" height=\"400\" src=\"https:\/\/www.captainkomodo.com\/wp-content\/uploads\/2019\/12\/kalong.jpg\" alt class=\"img-responsive wp-image-1179\" srcset=\"https:\/\/www.captainkomodo.com\/wp-content\/uploads\/2019\/12\/kalong-200x133.jpg 200w, https:\/\/www.captainkomodo.com\/wp-content\/uploads\/2019\/12\/kalong-400x267.jpg 400w, https:\/\/www.captainkomodo.com\/wp-content\/uploads\/2019\/12\/kalong.jpg 600w\" sizes=\"(max-width: 800px) 100vw, 400px\" \/><\/a><\/span><\/div><div class=\"fusion-clearfix\"><\/div><\/div><\/div><div class=\"fusion-layout-column fusion_builder_column fusion-builder-column-4 fusion_builder_column_1_3 1_3 fusion-one-third\" style=\"--awb-bg-size:cover;width:33.333333333333%;width:calc(33.333333333333% - ( ( 4% + 4% ) * 0.33333333333333 ) );margin-right: 4%;\"><div class=\"fusion-column-wrapper fusion-column-has-shadow fusion-flex-column-wrapper-legacy\"><div class=\"fusion-image-element in-legacy-container\" style=\"--awb-caption-title-font-family:var(--h2_typography-font-family);--awb-caption-title-font-weight:var(--h2_typography-font-weight);--awb-caption-title-font-style:var(--h2_typography-font-style);--awb-caption-title-size:var(--h2_typography-font-size);--awb-caption-title-transform:var(--h2_typography-text-transform);--awb-caption-title-line-height:var(--h2_typography-line-height);--awb-caption-title-letter-spacing:var(--h2_typography-letter-spacing);\"><span class=\" fusion-imageframe imageframe-none imageframe-2 hover-type-zoomin\"><a class=\"fusion-no-lightbox\" href=\"https:\/\/www.captainkomodo.com\/fr\/destinations\/ile-de-sebayur\/\" target=\"_self\" aria-label=\"Sebayur\"><img decoding=\"async\" width=\"600\" height=\"400\" src=\"https:\/\/www.captainkomodo.com\/wp-content\/uploads\/2019\/12\/sebayur-1.jpg\" alt class=\"img-responsive wp-image-1184\" srcset=\"https:\/\/www.captainkomodo.com\/wp-content\/uploads\/2019\/12\/sebayur-1-200x133.jpg 200w, https:\/\/www.captainkomodo.com\/wp-content\/uploads\/2019\/12\/sebayur-1-400x267.jpg 400w, https:\/\/www.captainkomodo.com\/wp-content\/uploads\/2019\/12\/sebayur-1.jpg 600w\" sizes=\"(max-width: 800px) 100vw, 400px\" \/><\/a><\/span><\/div><div class=\"fusion-clearfix\"><\/div><\/div><\/div><div class=\"fusion-layout-column fusion_builder_column fusion-builder-column-5 fusion_builder_column_1_3 1_3 fusion-one-third fusion-column-last\" style=\"--awb-bg-size:cover;width:33.333333333333%;width:calc(33.333333333333% - ( ( 4% + 4% ) * 0.33333333333333 ) );\"><div class=\"fusion-column-wrapper fusion-column-has-shadow fusion-flex-column-wrapper-legacy\"><div class=\"fusion-image-element in-legacy-container\" style=\"--awb-caption-title-font-family:var(--h2_typography-font-family);--awb-caption-title-font-weight:var(--h2_typography-font-weight);--awb-caption-title-font-style:var(--h2_typography-font-style);--awb-caption-title-size:var(--h2_typography-font-size);--awb-caption-title-transform:var(--h2_typography-text-transform);--awb-caption-title-line-height:var(--h2_typography-line-height);--awb-caption-title-letter-spacing:var(--h2_typography-letter-spacing);\"><span class=\" fusion-imageframe imageframe-none imageframe-3 hover-type-zoomin\"><a class=\"fusion-no-lightbox\" href=\"https:\/\/www.captainkomodo.com\/fr\/destinations\/labuan-bajo\/\" target=\"_self\" aria-label=\"Labuan Bajo\"><img decoding=\"async\" width=\"600\" height=\"400\" src=\"https:\/\/www.captainkomodo.com\/wp-content\/uploads\/2019\/12\/labuan-bajo-simple-boats-with-title.jpg\" alt class=\"img-responsive wp-image-1189\" srcset=\"https:\/\/www.captainkomodo.com\/wp-content\/uploads\/2019\/12\/labuan-bajo-simple-boats-with-title-200x133.jpg 200w, https:\/\/www.captainkomodo.com\/wp-content\/uploads\/2019\/12\/labuan-bajo-simple-boats-with-title-400x267.jpg 400w, https:\/\/www.captainkomodo.com\/wp-content\/uploads\/2019\/12\/labuan-bajo-simple-boats-with-title.jpg 600w\" sizes=\"(max-width: 800px) 100vw, 400px\" \/><\/a><\/span><\/div><div class=\"fusion-clearfix\"><\/div><\/div><\/div><\/div><\/div><\/p>\n","protected":false},"excerpt":{"rendered":"","protected":false},"author":2,"featured_media":0,"parent":723,"menu_order":0,"comment_status":"closed","ping_status":"closed","template":"","meta":{"footnotes":""},"class_list":["post-1861","page","type-page","status-publish","hentry"],"yoast_head":"<!-- This site is optimized with the Yoast SEO plugin v27.4 - https:\/\/yoast.com\/product\/yoast-seo-wordpress\/ -->\n<title>Manta Point : Rencontrez les majestueuses raies manta avec Capitain Komodo<\/title>\n<meta name=\"description\" content=\"Manta Point offre un spot de nage pour tout le monde. C\u2019est l\u2019endroit id\u00e9al pour observer les raies manta dans le parc national de Komodo. R\u00e9servez maintenant !\" \/>\n<meta name=\"robots\" content=\"index, follow, max-snippet:-1, max-image-preview:large, max-video-preview:-1\" \/>\n<link rel=\"canonical\" href=\"https:\/\/www.captainkomodo.com\/fr\/destinations\/manta-point\/\" \/>\n<meta property=\"og:locale\" content=\"fr_FR\" \/>\n<meta property=\"og:type\" content=\"article\" \/>\n<meta property=\"og:title\" content=\"Manta Point : Rencontrez les majestueuses raies manta avec Capitain Komodo\" \/>\n<meta property=\"og:description\" content=\"Manta Point offre un spot de nage pour tout le monde. C\u2019est l\u2019endroit id\u00e9al pour observer les raies manta dans le parc national de Komodo. R\u00e9servez maintenant !\" \/>\n<meta property=\"og:url\" content=\"https:\/\/www.captainkomodo.com\/fr\/destinations\/manta-point\/\" \/>\n<meta property=\"og:site_name\" content=\"Captain Komodo\" \/>\n<meta property=\"article:publisher\" content=\"https:\/\/www.facebook.com\/captainkomodo\" \/>\n<meta property=\"article:modified_time\" content=\"2020-10-16T04:05:46+00:00\" \/>\n<meta name=\"twitter:card\" content=\"summary_large_image\" \/>\n<meta name=\"twitter:site\" content=\"@captainkomodo\" \/>\n<meta name=\"twitter:label1\" content=\"Dur\u00e9e de lecture estim\u00e9e\" \/>\n\t<meta name=\"twitter:data1\" content=\"9 minutes\" \/>\n<script type=\"application\/ld+json\" class=\"yoast-schema-graph\">{\"@context\":\"https:\\\/\\\/schema.org\",\"@graph\":[{\"@type\":\"WebPage\",\"@id\":\"https:\\\/\\\/www.captainkomodo.com\\\/fr\\\/destinations\\\/manta-point\\\/\",\"url\":\"https:\\\/\\\/www.captainkomodo.com\\\/fr\\\/destinations\\\/manta-point\\\/\",\"name\":\"Manta Point : Rencontrez les majestueuses raies manta avec Capitain Komodo\",\"isPartOf\":{\"@id\":\"https:\\\/\\\/www.captainkomodo.com\\\/fr\\\/#website\"},\"datePublished\":\"2020-10-06T03:34:59+00:00\",\"dateModified\":\"2020-10-16T04:05:46+00:00\",\"description\":\"Manta Point offre un spot de nage pour tout le monde. C\u2019est l\u2019endroit id\u00e9al pour observer les raies manta dans le parc national de Komodo. R\u00e9servez maintenant !\",\"breadcrumb\":{\"@id\":\"https:\\\/\\\/www.captainkomodo.com\\\/fr\\\/destinations\\\/manta-point\\\/#breadcrumb\"},\"inLanguage\":\"fr-FR\",\"potentialAction\":[{\"@type\":\"ReadAction\",\"target\":[\"https:\\\/\\\/www.captainkomodo.com\\\/fr\\\/destinations\\\/manta-point\\\/\"]}]},{\"@type\":\"BreadcrumbList\",\"@id\":\"https:\\\/\\\/www.captainkomodo.com\\\/fr\\\/destinations\\\/manta-point\\\/#breadcrumb\",\"itemListElement\":[{\"@type\":\"ListItem\",\"position\":1,\"name\":\"Home\",\"item\":\"https:\\\/\\\/www.captainkomodo.com\\\/fr\\\/\"},{\"@type\":\"ListItem\",\"position\":2,\"name\":\"Spots\",\"item\":\"https:\\\/\\\/www.captainkomodo.com\\\/fr\\\/destinations\\\/\"},{\"@type\":\"ListItem\",\"position\":3,\"name\":\"Manta Point\"}]},{\"@type\":\"WebSite\",\"@id\":\"https:\\\/\\\/www.captainkomodo.com\\\/fr\\\/#website\",\"url\":\"https:\\\/\\\/www.captainkomodo.com\\\/fr\\\/\",\"name\":\"CaptainKomodo\",\"description\":\"Liveaboard Boat Komodo islands\",\"publisher\":{\"@id\":\"https:\\\/\\\/www.captainkomodo.com\\\/fr\\\/#organization\"},\"potentialAction\":[{\"@type\":\"SearchAction\",\"target\":{\"@type\":\"EntryPoint\",\"urlTemplate\":\"https:\\\/\\\/www.captainkomodo.com\\\/fr\\\/?s={search_term_string}\"},\"query-input\":{\"@type\":\"PropertyValueSpecification\",\"valueRequired\":true,\"valueName\":\"search_term_string\"}}],\"inLanguage\":\"fr-FR\"},{\"@type\":\"Organization\",\"@id\":\"https:\\\/\\\/www.captainkomodo.com\\\/fr\\\/#organization\",\"name\":\"Captain Komodo\",\"url\":\"https:\\\/\\\/www.captainkomodo.com\\\/fr\\\/\",\"logo\":{\"@type\":\"ImageObject\",\"inLanguage\":\"fr-FR\",\"@id\":\"https:\\\/\\\/www.captainkomodo.com\\\/fr\\\/#\\\/schema\\\/logo\\\/image\\\/\",\"url\":\"https:\\\/\\\/www.captainkomodo.com\\\/wp-content\\\/uploads\\\/2019\\\/11\\\/logo-transparent-400.png\",\"contentUrl\":\"https:\\\/\\\/www.captainkomodo.com\\\/wp-content\\\/uploads\\\/2019\\\/11\\\/logo-transparent-400.png\",\"width\":400,\"height\":503,\"caption\":\"Captain Komodo\"},\"image\":{\"@id\":\"https:\\\/\\\/www.captainkomodo.com\\\/fr\\\/#\\\/schema\\\/logo\\\/image\\\/\"},\"sameAs\":[\"https:\\\/\\\/www.facebook.com\\\/captainkomodo\",\"https:\\\/\\\/x.com\\\/captainkomodo\",\"https:\\\/\\\/www.instagram.com\\\/captainkomodo\",\"https:\\\/\\\/www.youtube.com\\\/channel\\\/UCPcx3nuaDyPrZqKf0N44umw\"]}]}<\/script>\n<!-- \/ Yoast SEO plugin. -->","yoast_head_json":{"title":"Manta Point : Rencontrez les majestueuses raies manta avec Capitain Komodo","description":"Manta Point offre un spot de nage pour tout le monde. C\u2019est l\u2019endroit id\u00e9al pour observer les raies manta dans le parc national de Komodo. R\u00e9servez maintenant !","robots":{"index":"index","follow":"follow","max-snippet":"max-snippet:-1","max-image-preview":"max-image-preview:large","max-video-preview":"max-video-preview:-1"},"canonical":"https:\/\/www.captainkomodo.com\/fr\/destinations\/manta-point\/","og_locale":"fr_FR","og_type":"article","og_title":"Manta Point : Rencontrez les majestueuses raies manta avec Capitain Komodo","og_description":"Manta Point offre un spot de nage pour tout le monde. C\u2019est l\u2019endroit id\u00e9al pour observer les raies manta dans le parc national de Komodo. R\u00e9servez maintenant !","og_url":"https:\/\/www.captainkomodo.com\/fr\/destinations\/manta-point\/","og_site_name":"Captain Komodo","article_publisher":"https:\/\/www.facebook.com\/captainkomodo","article_modified_time":"2020-10-16T04:05:46+00:00","twitter_card":"summary_large_image","twitter_site":"@captainkomodo","twitter_misc":{"Dur\u00e9e de lecture estim\u00e9e":"9 minutes"},"schema":{"@context":"https:\/\/schema.org","@graph":[{"@type":"WebPage","@id":"https:\/\/www.captainkomodo.com\/fr\/destinations\/manta-point\/","url":"https:\/\/www.captainkomodo.com\/fr\/destinations\/manta-point\/","name":"Manta Point : Rencontrez les majestueuses raies manta avec Capitain Komodo","isPartOf":{"@id":"https:\/\/www.captainkomodo.com\/fr\/#website"},"datePublished":"2020-10-06T03:34:59+00:00","dateModified":"2020-10-16T04:05:46+00:00","description":"Manta Point offre un spot de nage pour tout le monde. C\u2019est l\u2019endroit id\u00e9al pour observer les raies manta dans le parc national de Komodo. R\u00e9servez maintenant !","breadcrumb":{"@id":"https:\/\/www.captainkomodo.com\/fr\/destinations\/manta-point\/#breadcrumb"},"inLanguage":"fr-FR","potentialAction":[{"@type":"ReadAction","target":["https:\/\/www.captainkomodo.com\/fr\/destinations\/manta-point\/"]}]},{"@type":"BreadcrumbList","@id":"https:\/\/www.captainkomodo.com\/fr\/destinations\/manta-point\/#breadcrumb","itemListElement":[{"@type":"ListItem","position":1,"name":"Home","item":"https:\/\/www.captainkomodo.com\/fr\/"},{"@type":"ListItem","position":2,"name":"Spots","item":"https:\/\/www.captainkomodo.com\/fr\/destinations\/"},{"@type":"ListItem","position":3,"name":"Manta Point"}]},{"@type":"WebSite","@id":"https:\/\/www.captainkomodo.com\/fr\/#website","url":"https:\/\/www.captainkomodo.com\/fr\/","name":"CaptainKomodo","description":"Liveaboard Boat Komodo islands","publisher":{"@id":"https:\/\/www.captainkomodo.com\/fr\/#organization"},"potentialAction":[{"@type":"SearchAction","target":{"@type":"EntryPoint","urlTemplate":"https:\/\/www.captainkomodo.com\/fr\/?s={search_term_string}"},"query-input":{"@type":"PropertyValueSpecification","valueRequired":true,"valueName":"search_term_string"}}],"inLanguage":"fr-FR"},{"@type":"Organization","@id":"https:\/\/www.captainkomodo.com\/fr\/#organization","name":"Captain Komodo","url":"https:\/\/www.captainkomodo.com\/fr\/","logo":{"@type":"ImageObject","inLanguage":"fr-FR","@id":"https:\/\/www.captainkomodo.com\/fr\/#\/schema\/logo\/image\/","url":"https:\/\/www.captainkomodo.com\/wp-content\/uploads\/2019\/11\/logo-transparent-400.png","contentUrl":"https:\/\/www.captainkomodo.com\/wp-content\/uploads\/2019\/11\/logo-transparent-400.png","width":400,"height":503,"caption":"Captain Komodo"},"image":{"@id":"https:\/\/www.captainkomodo.com\/fr\/#\/schema\/logo\/image\/"},"sameAs":["https:\/\/www.facebook.com\/captainkomodo","https:\/\/x.com\/captainkomodo","https:\/\/www.instagram.com\/captainkomodo","https:\/\/www.youtube.com\/channel\/UCPcx3nuaDyPrZqKf0N44umw"]}]}},"_links":{"self":[{"href":"https:\/\/www.captainkomodo.com\/fr\/wp-json\/wp\/v2\/pages\/1861","targetHints":{"allow":["GET"]}}],"collection":[{"href":"https:\/\/www.captainkomodo.com\/fr\/wp-json\/wp\/v2\/pages"}],"about":[{"href":"https:\/\/www.captainkomodo.com\/fr\/wp-json\/wp\/v2\/types\/page"}],"author":[{"embeddable":true,"href":"https:\/\/www.captainkomodo.com\/fr\/wp-json\/wp\/v2\/users\/2"}],"replies":[{"embeddable":true,"href":"https:\/\/www.captainkomodo.com\/fr\/wp-json\/wp\/v2\/comments?post=1861"}],"version-history":[{"count":5,"href":"https:\/\/www.captainkomodo.com\/fr\/wp-json\/wp\/v2\/pages\/1861\/revisions"}],"predecessor-version":[{"id":2325,"href":"https:\/\/www.captainkomodo.com\/fr\/wp-json\/wp\/v2\/pages\/1861\/revisions\/2325"}],"up":[{"embeddable":true,"href":"https:\/\/www.captainkomodo.com\/fr\/wp-json\/wp\/v2\/pages\/723"}],"wp:attachment":[{"href":"https:\/\/www.captainkomodo.com\/fr\/wp-json\/wp\/v2\/media?parent=1861"}],"curies":[{"name":"wp","href":"https:\/\/api.w.org\/{rel}","templated":true}]}}