{"id":1853,"date":"2020-10-06T02:17:32","date_gmt":"2020-10-06T02:17:32","guid":{"rendered":"https:\/\/www.captainkomodo.com\/destinations\/pink-beach\/"},"modified":"2020-10-16T04:01:30","modified_gmt":"2020-10-16T04:01:30","slug":"pink-beach","status":"publish","type":"page","link":"https:\/\/www.captainkomodo.com\/fr\/destinations\/pink-beach\/","title":{"rendered":"Pink Beach"},"content":{"rendered":"<p><div class=\"fusion-fullwidth fullwidth-box fusion-builder-row-1 nonhundred-percent-fullwidth non-hundred-percent-height-scrolling\" style=\"--awb-border-radius-top-left:0px;--awb-border-radius-top-right:0px;--awb-border-radius-bottom-right:0px;--awb-border-radius-bottom-left:0px;--awb-flex-wrap:wrap;\" ><div class=\"fusion-builder-row fusion-row\"><div class=\"fusion-layout-column fusion_builder_column fusion-builder-column-0 fusion_builder_column_1_2 1_2 fusion-one-half fusion-column-first\" style=\"--awb-bg-size:cover;width:50%;width:calc(50% - ( ( 4% ) * 0.5 ) );margin-right: 4%;\"><div class=\"fusion-column-wrapper fusion-flex-column-wrapper-legacy\"><div class=\"fusion-text fusion-text-1\"><h2 id=\"tw-target-text\" class=\"tw-data-text tw-text-large XcVN5d tw-ta\" dir=\"ltr\" data-placeholder=\"Traduction\"><span lang=\"fr\">Pink Beach: connue comme \u00e9tant la plage la plus \u00e9tonnante du monde <\/span><\/h2>\n<p class=\"tw-data-text tw-text-large XcVN5d tw-ta\" dir=\"ltr\" data-placeholder=\"Traduction\"><span lang=\"fr\">D\u00e9tendez-vous \u00e0 Pink Beach avec son sable rose tout le long de sa c\u00f4te. La couleur rose est caus\u00e9e par le m\u00e9lange de carbonate de calcium blanc et de morceaux de coraux morts rouge vif qui poussent \u00e0 cet endroit unique.. C&rsquo;est certainement la plus belle plage du parc national de Komodo et probablement aussi du monde. Pink Beach poss\u00e8de \u00e9galement diff\u00e9rents types de vie marine et de r\u00e9cifs coralliens \u00e9tonnants. C&rsquo;est l&rsquo;endroit id\u00e9al pour jouer avec notre masque int\u00e9gral.<\/span><\/p>\n<\/div><div class=\"fusion-clearfix\"><\/div><\/div><\/div><div class=\"fusion-layout-column fusion_builder_column fusion-builder-column-1 fusion_builder_column_1_2 1_2 fusion-one-half fusion-column-last\" style=\"--awb-bg-size:cover;width:50%;width:calc(50% - ( ( 4% ) * 0.5 ) );\"><div class=\"fusion-column-wrapper fusion-flex-column-wrapper-legacy\"><div class=\"fusion-text fusion-text-2\"><p><iframe src=\"https:\/\/maps.google.com\/maps?q=Pink%20Beach%2C%20East%20Nusa%20Tenggara+(Pink%20Beach)&amp;ie=UTF8&amp;t=&amp;z=10&amp;iwloc=B&amp;output=embed\" width=\"500\" height=\"300\" frameborder=\"0\" marginwidth=\"0\" marginheight=\"0\" scrolling=\"no\"><\/iframe><\/p>\n<\/div><div class=\"fusion-clearfix\"><\/div><\/div><\/div><\/div><\/div><div class=\"fusion-fullwidth fullwidth-box fusion-builder-row-2 nonhundred-percent-fullwidth non-hundred-percent-height-scrolling\" style=\"--awb-border-radius-top-left:0px;--awb-border-radius-top-right:0px;--awb-border-radius-bottom-right:0px;--awb-border-radius-bottom-left:0px;--awb-flex-wrap:wrap;\" ><div class=\"fusion-builder-row fusion-row\"><div class=\"fusion-layout-column fusion_builder_column fusion-builder-column-2 fusion_builder_column_1_1 1_1 fusion-one-full fusion-column-first fusion-column-last\" style=\"--awb-bg-size:cover;\"><div class=\"fusion-column-wrapper fusion-column-has-shadow fusion-flex-column-wrapper-legacy\"><div class=\"fusion-text fusion-text-3\"><p id=\"tw-target-text\" class=\"tw-data-text tw-text-large XcVN5d tw-ta\" dir=\"ltr\" style=\"text-align: center;\" data-placeholder=\"Traduction\"><span lang=\"fr\">D\u00e9couvrir plus &#8230;<\/span><\/p>\n<\/div><div class=\"fusion-clearfix\"><\/div><\/div><\/div><\/div><\/div><div class=\"fusion-fullwidth fullwidth-box fusion-builder-row-3 nonhundred-percent-fullwidth non-hundred-percent-height-scrolling\" style=\"--awb-border-radius-top-left:0px;--awb-border-radius-top-right:0px;--awb-border-radius-bottom-right:0px;--awb-border-radius-bottom-left:0px;--awb-flex-wrap:wrap;\" ><div class=\"fusion-builder-row fusion-row\"><div class=\"fusion-layout-column fusion_builder_column fusion-builder-column-3 fusion_builder_column_1_3 1_3 fusion-one-third fusion-column-first\" style=\"--awb-bg-size:cover;width:33.333333333333%;width:calc(33.333333333333% - ( ( 4% + 4% ) * 0.33333333333333 ) );margin-right: 4%;\"><div class=\"fusion-column-wrapper fusion-column-has-shadow fusion-flex-column-wrapper-legacy\"><div class=\"fusion-image-element in-legacy-container\" style=\"--awb-caption-title-font-family:var(--h2_typography-font-family);--awb-caption-title-font-weight:var(--h2_typography-font-weight);--awb-caption-title-font-style:var(--h2_typography-font-style);--awb-caption-title-size:var(--h2_typography-font-size);--awb-caption-title-transform:var(--h2_typography-text-transform);--awb-caption-title-line-height:var(--h2_typography-line-height);--awb-caption-title-letter-spacing:var(--h2_typography-letter-spacing);\"><span class=\" fusion-imageframe imageframe-none imageframe-1 hover-type-zoomin\"><a class=\"fusion-no-lightbox\" href=\"https:\/\/www.captainkomodo.com\/fr\/destinations\/ile-de-kelor\/\" target=\"_self\" aria-label=\"\u00cele de Kelor\"><img decoding=\"async\" width=\"600\" height=\"401\" src=\"https:\/\/www.captainkomodo.com\/wp-content\/uploads\/2019\/12\/kelor-in-full-day-with-title.jpg\" alt class=\"img-responsive wp-image-1154\" srcset=\"https:\/\/www.captainkomodo.com\/wp-content\/uploads\/2019\/12\/kelor-in-full-day-with-title-200x134.jpg 200w, https:\/\/www.captainkomodo.com\/wp-content\/uploads\/2019\/12\/kelor-in-full-day-with-title-400x267.jpg 400w, https:\/\/www.captainkomodo.com\/wp-content\/uploads\/2019\/12\/kelor-in-full-day-with-title.jpg 600w\" sizes=\"(max-width: 800px) 100vw, 400px\" \/><\/a><\/span><\/div><div class=\"fusion-clearfix\"><\/div><\/div><\/div><div class=\"fusion-layout-column fusion_builder_column fusion-builder-column-4 fusion_builder_column_1_3 1_3 fusion-one-third\" style=\"--awb-bg-size:cover;width:33.333333333333%;width:calc(33.333333333333% - ( ( 4% + 4% ) * 0.33333333333333 ) );margin-right: 4%;\"><div class=\"fusion-column-wrapper fusion-column-has-shadow fusion-flex-column-wrapper-legacy\"><div class=\"fusion-image-element in-legacy-container\" style=\"--awb-caption-title-font-family:var(--h2_typography-font-family);--awb-caption-title-font-weight:var(--h2_typography-font-weight);--awb-caption-title-font-style:var(--h2_typography-font-style);--awb-caption-title-size:var(--h2_typography-font-size);--awb-caption-title-transform:var(--h2_typography-text-transform);--awb-caption-title-line-height:var(--h2_typography-line-height);--awb-caption-title-letter-spacing:var(--h2_typography-letter-spacing);\"><span class=\" fusion-imageframe imageframe-none imageframe-2 hover-type-zoomin\"><a class=\"fusion-no-lightbox\" href=\"https:\/\/www.captainkomodo.com\/fr\/destinations\/ile-de-kanawa\/\" target=\"_self\" aria-label=\"\u00cele de Kanawa\"><img decoding=\"async\" width=\"600\" height=\"400\" src=\"https:\/\/www.captainkomodo.com\/wp-content\/uploads\/2019\/12\/kanawa-island-beach-view.jpg\" alt class=\"img-responsive wp-image-1159\" srcset=\"https:\/\/www.captainkomodo.com\/wp-content\/uploads\/2019\/12\/kanawa-island-beach-view-200x133.jpg 200w, https:\/\/www.captainkomodo.com\/wp-content\/uploads\/2019\/12\/kanawa-island-beach-view-400x267.jpg 400w, https:\/\/www.captainkomodo.com\/wp-content\/uploads\/2019\/12\/kanawa-island-beach-view.jpg 600w\" sizes=\"(max-width: 800px) 100vw, 400px\" \/><\/a><\/span><\/div><div class=\"fusion-clearfix\"><\/div><\/div><\/div><div class=\"fusion-layout-column fusion_builder_column fusion-builder-column-5 fusion_builder_column_1_3 1_3 fusion-one-third fusion-column-last\" style=\"--awb-bg-size:cover;width:33.333333333333%;width:calc(33.333333333333% - ( ( 4% + 4% ) * 0.33333333333333 ) );\"><div class=\"fusion-column-wrapper fusion-column-has-shadow fusion-flex-column-wrapper-legacy\"><div class=\"fusion-image-element in-legacy-container\" style=\"--awb-caption-title-font-family:var(--h2_typography-font-family);--awb-caption-title-font-weight:var(--h2_typography-font-weight);--awb-caption-title-font-style:var(--h2_typography-font-style);--awb-caption-title-size:var(--h2_typography-font-size);--awb-caption-title-transform:var(--h2_typography-text-transform);--awb-caption-title-line-height:var(--h2_typography-line-height);--awb-caption-title-letter-spacing:var(--h2_typography-letter-spacing);\"><span class=\" fusion-imageframe imageframe-none imageframe-3 hover-type-zoomin\"><a class=\"fusion-no-lightbox\" href=\"https:\/\/www.captainkomodo.com\/fr\/destinations\/gili-lawa\/\" target=\"_self\" aria-label=\"Gili Lawa Darat\"><img decoding=\"async\" width=\"600\" height=\"400\" src=\"https:\/\/www.captainkomodo.com\/wp-content\/uploads\/2019\/12\/gili-lawa-darat.jpg\" alt class=\"img-responsive wp-image-1164\" srcset=\"https:\/\/www.captainkomodo.com\/wp-content\/uploads\/2019\/12\/gili-lawa-darat-200x133.jpg 200w, https:\/\/www.captainkomodo.com\/wp-content\/uploads\/2019\/12\/gili-lawa-darat-400x267.jpg 400w, https:\/\/www.captainkomodo.com\/wp-content\/uploads\/2019\/12\/gili-lawa-darat.jpg 600w\" sizes=\"(max-width: 800px) 100vw, 400px\" \/><\/a><\/span><\/div><div class=\"fusion-clearfix\"><\/div><\/div><\/div><\/div><\/div><\/p>\n","protected":false},"excerpt":{"rendered":"","protected":false},"author":2,"featured_media":0,"parent":723,"menu_order":0,"comment_status":"closed","ping_status":"closed","template":"","meta":{"footnotes":""},"class_list":["post-1853","page","type-page","status-publish","hentry"],"yoast_head":"<!-- This site is optimized with the Yoast SEO plugin v27.5 - https:\/\/yoast.com\/product\/yoast-seo-wordpress\/ -->\n<title>Pink Beach: Allez-y avec le Capitain Komodo. R\u00e9servez maintenant !<\/title>\n<meta name=\"description\" content=\"Cette plage au sable rose est d\u00fbe au m\u00e9lange de carbonate de calcium blanc et de morceaux de coraux morts rouge vif qui poussent \u00e0 cet endroit unique.\" \/>\n<meta name=\"robots\" content=\"index, follow, max-snippet:-1, max-image-preview:large, max-video-preview:-1\" \/>\n<link rel=\"canonical\" href=\"https:\/\/www.captainkomodo.com\/fr\/destinations\/pink-beach\/\" \/>\n<meta property=\"og:locale\" content=\"fr_FR\" \/>\n<meta property=\"og:type\" content=\"article\" \/>\n<meta property=\"og:title\" content=\"Pink Beach: Allez-y avec le Capitain Komodo. R\u00e9servez maintenant !\" \/>\n<meta property=\"og:description\" content=\"Cette plage au sable rose est d\u00fbe au m\u00e9lange de carbonate de calcium blanc et de morceaux de coraux morts rouge vif qui poussent \u00e0 cet endroit unique.\" \/>\n<meta property=\"og:url\" content=\"https:\/\/www.captainkomodo.com\/fr\/destinations\/pink-beach\/\" \/>\n<meta property=\"og:site_name\" content=\"Captain Komodo\" \/>\n<meta property=\"article:publisher\" content=\"https:\/\/www.facebook.com\/captainkomodo\" \/>\n<meta property=\"article:modified_time\" content=\"2020-10-16T04:01:30+00:00\" \/>\n<meta name=\"twitter:card\" content=\"summary_large_image\" \/>\n<meta name=\"twitter:site\" content=\"@captainkomodo\" \/>\n<meta name=\"twitter:label1\" content=\"Dur\u00e9e de lecture estim\u00e9e\" \/>\n\t<meta name=\"twitter:data1\" content=\"9 minutes\" \/>\n<script type=\"application\/ld+json\" class=\"yoast-schema-graph\">{\"@context\":\"https:\\\/\\\/schema.org\",\"@graph\":[{\"@type\":\"WebPage\",\"@id\":\"https:\\\/\\\/www.captainkomodo.com\\\/fr\\\/destinations\\\/pink-beach\\\/\",\"url\":\"https:\\\/\\\/www.captainkomodo.com\\\/fr\\\/destinations\\\/pink-beach\\\/\",\"name\":\"Pink Beach: Allez-y avec le Capitain Komodo. R\u00e9servez maintenant !\",\"isPartOf\":{\"@id\":\"https:\\\/\\\/www.captainkomodo.com\\\/fr\\\/#website\"},\"datePublished\":\"2020-10-06T02:17:32+00:00\",\"dateModified\":\"2020-10-16T04:01:30+00:00\",\"description\":\"Cette plage au sable rose est d\u00fbe au m\u00e9lange de carbonate de calcium blanc et de morceaux de coraux morts rouge vif qui poussent \u00e0 cet endroit unique.\",\"breadcrumb\":{\"@id\":\"https:\\\/\\\/www.captainkomodo.com\\\/fr\\\/destinations\\\/pink-beach\\\/#breadcrumb\"},\"inLanguage\":\"fr-FR\",\"potentialAction\":[{\"@type\":\"ReadAction\",\"target\":[\"https:\\\/\\\/www.captainkomodo.com\\\/fr\\\/destinations\\\/pink-beach\\\/\"]}]},{\"@type\":\"BreadcrumbList\",\"@id\":\"https:\\\/\\\/www.captainkomodo.com\\\/fr\\\/destinations\\\/pink-beach\\\/#breadcrumb\",\"itemListElement\":[{\"@type\":\"ListItem\",\"position\":1,\"name\":\"Home\",\"item\":\"https:\\\/\\\/www.captainkomodo.com\\\/fr\\\/\"},{\"@type\":\"ListItem\",\"position\":2,\"name\":\"Spots\",\"item\":\"https:\\\/\\\/www.captainkomodo.com\\\/fr\\\/destinations\\\/\"},{\"@type\":\"ListItem\",\"position\":3,\"name\":\"Pink Beach\"}]},{\"@type\":\"WebSite\",\"@id\":\"https:\\\/\\\/www.captainkomodo.com\\\/fr\\\/#website\",\"url\":\"https:\\\/\\\/www.captainkomodo.com\\\/fr\\\/\",\"name\":\"CaptainKomodo\",\"description\":\"Liveaboard Boat Komodo islands\",\"publisher\":{\"@id\":\"https:\\\/\\\/www.captainkomodo.com\\\/fr\\\/#organization\"},\"potentialAction\":[{\"@type\":\"SearchAction\",\"target\":{\"@type\":\"EntryPoint\",\"urlTemplate\":\"https:\\\/\\\/www.captainkomodo.com\\\/fr\\\/?s={search_term_string}\"},\"query-input\":{\"@type\":\"PropertyValueSpecification\",\"valueRequired\":true,\"valueName\":\"search_term_string\"}}],\"inLanguage\":\"fr-FR\"},{\"@type\":\"Organization\",\"@id\":\"https:\\\/\\\/www.captainkomodo.com\\\/fr\\\/#organization\",\"name\":\"Captain Komodo\",\"url\":\"https:\\\/\\\/www.captainkomodo.com\\\/fr\\\/\",\"logo\":{\"@type\":\"ImageObject\",\"inLanguage\":\"fr-FR\",\"@id\":\"https:\\\/\\\/www.captainkomodo.com\\\/fr\\\/#\\\/schema\\\/logo\\\/image\\\/\",\"url\":\"https:\\\/\\\/www.captainkomodo.com\\\/wp-content\\\/uploads\\\/2019\\\/11\\\/logo-transparent-400.png\",\"contentUrl\":\"https:\\\/\\\/www.captainkomodo.com\\\/wp-content\\\/uploads\\\/2019\\\/11\\\/logo-transparent-400.png\",\"width\":400,\"height\":503,\"caption\":\"Captain Komodo\"},\"image\":{\"@id\":\"https:\\\/\\\/www.captainkomodo.com\\\/fr\\\/#\\\/schema\\\/logo\\\/image\\\/\"},\"sameAs\":[\"https:\\\/\\\/www.facebook.com\\\/captainkomodo\",\"https:\\\/\\\/x.com\\\/captainkomodo\",\"https:\\\/\\\/www.instagram.com\\\/captainkomodo\",\"https:\\\/\\\/www.youtube.com\\\/channel\\\/UCPcx3nuaDyPrZqKf0N44umw\"]}]}<\/script>\n<!-- \/ Yoast SEO plugin. -->","yoast_head_json":{"title":"Pink Beach: Allez-y avec le Capitain Komodo. R\u00e9servez maintenant !","description":"Cette plage au sable rose est d\u00fbe au m\u00e9lange de carbonate de calcium blanc et de morceaux de coraux morts rouge vif qui poussent \u00e0 cet endroit unique.","robots":{"index":"index","follow":"follow","max-snippet":"max-snippet:-1","max-image-preview":"max-image-preview:large","max-video-preview":"max-video-preview:-1"},"canonical":"https:\/\/www.captainkomodo.com\/fr\/destinations\/pink-beach\/","og_locale":"fr_FR","og_type":"article","og_title":"Pink Beach: Allez-y avec le Capitain Komodo. R\u00e9servez maintenant !","og_description":"Cette plage au sable rose est d\u00fbe au m\u00e9lange de carbonate de calcium blanc et de morceaux de coraux morts rouge vif qui poussent \u00e0 cet endroit unique.","og_url":"https:\/\/www.captainkomodo.com\/fr\/destinations\/pink-beach\/","og_site_name":"Captain Komodo","article_publisher":"https:\/\/www.facebook.com\/captainkomodo","article_modified_time":"2020-10-16T04:01:30+00:00","twitter_card":"summary_large_image","twitter_site":"@captainkomodo","twitter_misc":{"Dur\u00e9e de lecture estim\u00e9e":"9 minutes"},"schema":{"@context":"https:\/\/schema.org","@graph":[{"@type":"WebPage","@id":"https:\/\/www.captainkomodo.com\/fr\/destinations\/pink-beach\/","url":"https:\/\/www.captainkomodo.com\/fr\/destinations\/pink-beach\/","name":"Pink Beach: Allez-y avec le Capitain Komodo. R\u00e9servez maintenant !","isPartOf":{"@id":"https:\/\/www.captainkomodo.com\/fr\/#website"},"datePublished":"2020-10-06T02:17:32+00:00","dateModified":"2020-10-16T04:01:30+00:00","description":"Cette plage au sable rose est d\u00fbe au m\u00e9lange de carbonate de calcium blanc et de morceaux de coraux morts rouge vif qui poussent \u00e0 cet endroit unique.","breadcrumb":{"@id":"https:\/\/www.captainkomodo.com\/fr\/destinations\/pink-beach\/#breadcrumb"},"inLanguage":"fr-FR","potentialAction":[{"@type":"ReadAction","target":["https:\/\/www.captainkomodo.com\/fr\/destinations\/pink-beach\/"]}]},{"@type":"BreadcrumbList","@id":"https:\/\/www.captainkomodo.com\/fr\/destinations\/pink-beach\/#breadcrumb","itemListElement":[{"@type":"ListItem","position":1,"name":"Home","item":"https:\/\/www.captainkomodo.com\/fr\/"},{"@type":"ListItem","position":2,"name":"Spots","item":"https:\/\/www.captainkomodo.com\/fr\/destinations\/"},{"@type":"ListItem","position":3,"name":"Pink Beach"}]},{"@type":"WebSite","@id":"https:\/\/www.captainkomodo.com\/fr\/#website","url":"https:\/\/www.captainkomodo.com\/fr\/","name":"CaptainKomodo","description":"Liveaboard Boat Komodo islands","publisher":{"@id":"https:\/\/www.captainkomodo.com\/fr\/#organization"},"potentialAction":[{"@type":"SearchAction","target":{"@type":"EntryPoint","urlTemplate":"https:\/\/www.captainkomodo.com\/fr\/?s={search_term_string}"},"query-input":{"@type":"PropertyValueSpecification","valueRequired":true,"valueName":"search_term_string"}}],"inLanguage":"fr-FR"},{"@type":"Organization","@id":"https:\/\/www.captainkomodo.com\/fr\/#organization","name":"Captain Komodo","url":"https:\/\/www.captainkomodo.com\/fr\/","logo":{"@type":"ImageObject","inLanguage":"fr-FR","@id":"https:\/\/www.captainkomodo.com\/fr\/#\/schema\/logo\/image\/","url":"https:\/\/www.captainkomodo.com\/wp-content\/uploads\/2019\/11\/logo-transparent-400.png","contentUrl":"https:\/\/www.captainkomodo.com\/wp-content\/uploads\/2019\/11\/logo-transparent-400.png","width":400,"height":503,"caption":"Captain Komodo"},"image":{"@id":"https:\/\/www.captainkomodo.com\/fr\/#\/schema\/logo\/image\/"},"sameAs":["https:\/\/www.facebook.com\/captainkomodo","https:\/\/x.com\/captainkomodo","https:\/\/www.instagram.com\/captainkomodo","https:\/\/www.youtube.com\/channel\/UCPcx3nuaDyPrZqKf0N44umw"]}]}},"_links":{"self":[{"href":"https:\/\/www.captainkomodo.com\/fr\/wp-json\/wp\/v2\/pages\/1853","targetHints":{"allow":["GET"]}}],"collection":[{"href":"https:\/\/www.captainkomodo.com\/fr\/wp-json\/wp\/v2\/pages"}],"about":[{"href":"https:\/\/www.captainkomodo.com\/fr\/wp-json\/wp\/v2\/types\/page"}],"author":[{"embeddable":true,"href":"https:\/\/www.captainkomodo.com\/fr\/wp-json\/wp\/v2\/users\/2"}],"replies":[{"embeddable":true,"href":"https:\/\/www.captainkomodo.com\/fr\/wp-json\/wp\/v2\/comments?post=1853"}],"version-history":[{"count":5,"href":"https:\/\/www.captainkomodo.com\/fr\/wp-json\/wp\/v2\/pages\/1853\/revisions"}],"predecessor-version":[{"id":2323,"href":"https:\/\/www.captainkomodo.com\/fr\/wp-json\/wp\/v2\/pages\/1853\/revisions\/2323"}],"up":[{"embeddable":true,"href":"https:\/\/www.captainkomodo.com\/fr\/wp-json\/wp\/v2\/pages\/723"}],"wp:attachment":[{"href":"https:\/\/www.captainkomodo.com\/fr\/wp-json\/wp\/v2\/media?parent=1853"}],"curies":[{"name":"wp","href":"https:\/\/api.w.org\/{rel}","templated":true}]}}