{"id":1845,"date":"2020-10-06T01:52:44","date_gmt":"2020-10-06T01:52:44","guid":{"rendered":"https:\/\/www.captainkomodo.com\/destinations\/ile-de-rinca\/"},"modified":"2020-10-16T04:00:57","modified_gmt":"2020-10-16T04:00:57","slug":"ile-de-rinca","status":"publish","type":"page","link":"https:\/\/www.captainkomodo.com\/fr\/destinations\/ile-de-rinca\/","title":{"rendered":"Rinca"},"content":{"rendered":"<p><div class=\"fusion-fullwidth fullwidth-box fusion-builder-row-1 nonhundred-percent-fullwidth non-hundred-percent-height-scrolling\" style=\"--awb-border-radius-top-left:0px;--awb-border-radius-top-right:0px;--awb-border-radius-bottom-right:0px;--awb-border-radius-bottom-left:0px;--awb-flex-wrap:wrap;\" ><div class=\"fusion-builder-row fusion-row\"><div class=\"fusion-layout-column fusion_builder_column fusion-builder-column-0 fusion_builder_column_1_2 1_2 fusion-one-half fusion-column-first\" style=\"--awb-bg-size:cover;width:50%;width:calc(50% - ( ( 4% ) * 0.5 ) );margin-right: 4%;\"><div class=\"fusion-column-wrapper fusion-flex-column-wrapper-legacy\"><div class=\"fusion-text fusion-text-1\"><div class=\"QmZWSe\">\n<h2 id=\"tw-target-text\" class=\"tw-data-text tw-text-large XcVN5d tw-ta\" dir=\"ltr\" data-placeholder=\"Traduction\"><span lang=\"fr\">\u00cele de Rinca: Rencontrez les derniers dinausors <\/span><\/h2>\n<p class=\"tw-data-text tw-text-large XcVN5d tw-ta\" dir=\"ltr\" data-placeholder=\"Traduction\"><span lang=\"fr\">Rinca est l&rsquo;une des 3 plus grandes \u00eeles du parc national de Komodo avec l&rsquo;\u00eele de Komodo et l&rsquo;\u00eele de Padar. Situ\u00e9e juste \u00e0 c\u00f4t\u00e9 de Flores et s\u00e9par\u00e9e uniquement par une \u00e9troite ligne droite, Rinca s&rsquo;\u00e9tend sur 198 km2. En d\u00e9pit d&rsquo;\u00eatre plus petite et moins connue que Komodo, Rinca a une plus grande population de dragons de Komodo que l&rsquo;\u00eele de Komodo avec environ 1300 individus vivant sur l&rsquo;\u00eele. Les dragons de Komodo ne sont pas les seuls animaux vivants sur l&rsquo;\u00eele. Des cochons sauvages, des buffles d&rsquo;eau, des cerfs de Sumba, des singes, des chevaux sauvages et de nombreuses esp\u00e8ces de serpents sont pr\u00e9sentes sur l&rsquo;\u00eele. Rinca est compos\u00e9 de 3 types de v\u00e9g\u00e9tation diff\u00e9rents avec une savane tout autour du littoral couvrant 70% de l&rsquo;\u00eele, une for\u00eat tropicale s\u00e8che situ\u00e9e entre le niveau de la mer et une altitude de 500 m\u00e8tres et la for\u00eat au-dessus de 500 m\u00e8tres. Le plus haut sommet de Rinca est le mont Ora \u00e0 670 m\u00e8tres de haut. \u00c9tant plus proche de Labuan Bajo que de Komodo, Rinca est une meilleure option si vous voulez voir le dragon de Komodo dans son environnement naturel avec une croisi\u00e8re d&rsquo;une journ\u00e9e au d\u00e9part de Labuan Bajo.<\/span><\/p>\n<\/div>\n<\/div><div class=\"fusion-clearfix\"><\/div><\/div><\/div><div class=\"fusion-layout-column fusion_builder_column fusion-builder-column-1 fusion_builder_column_1_2 1_2 fusion-one-half fusion-column-last\" style=\"--awb-bg-size:cover;width:50%;width:calc(50% - ( ( 4% ) * 0.5 ) );\"><div class=\"fusion-column-wrapper fusion-flex-column-wrapper-legacy\"><div class=\"fusion-text fusion-text-2\"><p><iframe src=\"https:\/\/maps.google.com\/maps?q=pulau%20Rinca+(Rinca%20Island)&amp;ie=UTF8&amp;t=&amp;z=10&amp;iwloc=B&amp;output=embed\" width=\"500\" height=\"450\" frameborder=\"0\" marginwidth=\"0\" marginheight=\"0\" scrolling=\"no\"><\/iframe><\/p>\n<\/div><div class=\"fusion-clearfix\"><\/div><\/div><\/div><\/div><\/div><div class=\"fusion-fullwidth fullwidth-box fusion-builder-row-2 nonhundred-percent-fullwidth non-hundred-percent-height-scrolling\" style=\"--awb-border-radius-top-left:0px;--awb-border-radius-top-right:0px;--awb-border-radius-bottom-right:0px;--awb-border-radius-bottom-left:0px;--awb-flex-wrap:wrap;\" ><div class=\"fusion-builder-row fusion-row\"><div class=\"fusion-layout-column fusion_builder_column fusion-builder-column-2 fusion_builder_column_1_1 1_1 fusion-one-full fusion-column-first fusion-column-last\" style=\"--awb-bg-size:cover;\"><div class=\"fusion-column-wrapper fusion-column-has-shadow fusion-flex-column-wrapper-legacy\"><div class=\"fusion-text fusion-text-3\"><p id=\"tw-target-text\" class=\"tw-data-text tw-text-large XcVN5d tw-ta\" dir=\"ltr\" style=\"text-align: center;\" data-placeholder=\"Traduction\"><span lang=\"fr\">D\u00e9couvrir plus &#8230;<\/span><\/p>\n<\/div><div class=\"fusion-clearfix\"><\/div><\/div><\/div><\/div><\/div><div class=\"fusion-fullwidth fullwidth-box fusion-builder-row-3 nonhundred-percent-fullwidth non-hundred-percent-height-scrolling\" style=\"--awb-border-radius-top-left:0px;--awb-border-radius-top-right:0px;--awb-border-radius-bottom-right:0px;--awb-border-radius-bottom-left:0px;--awb-flex-wrap:wrap;\" ><div class=\"fusion-builder-row fusion-row\"><div class=\"fusion-layout-column fusion_builder_column fusion-builder-column-3 fusion_builder_column_1_3 1_3 fusion-one-third fusion-column-first\" style=\"--awb-bg-size:cover;width:33.333333333333%;width:calc(33.333333333333% - ( ( 4% + 4% ) * 0.33333333333333 ) );margin-right: 4%;\"><div class=\"fusion-column-wrapper fusion-column-has-shadow fusion-flex-column-wrapper-legacy\"><div class=\"fusion-image-element in-legacy-container\" style=\"--awb-caption-title-font-family:var(--h2_typography-font-family);--awb-caption-title-font-weight:var(--h2_typography-font-weight);--awb-caption-title-font-style:var(--h2_typography-font-style);--awb-caption-title-size:var(--h2_typography-font-size);--awb-caption-title-transform:var(--h2_typography-text-transform);--awb-caption-title-line-height:var(--h2_typography-line-height);--awb-caption-title-letter-spacing:var(--h2_typography-letter-spacing);\"><span class=\" fusion-imageframe imageframe-none imageframe-1 hover-type-zoomin\"><a class=\"fusion-no-lightbox\" href=\"https:\/\/www.captainkomodo.com\/fr\/destinations\/ile-de-siaba-besar\/\" target=\"_self\" aria-label=\"Refuge pour tortues\"><img decoding=\"async\" width=\"600\" height=\"400\" src=\"https:\/\/www.captainkomodo.com\/wp-content\/uploads\/2019\/12\/siaba-besar-2.jpg\" alt class=\"img-responsive wp-image-1199\" srcset=\"https:\/\/www.captainkomodo.com\/wp-content\/uploads\/2019\/12\/siaba-besar-2-200x133.jpg 200w, https:\/\/www.captainkomodo.com\/wp-content\/uploads\/2019\/12\/siaba-besar-2-400x267.jpg 400w, https:\/\/www.captainkomodo.com\/wp-content\/uploads\/2019\/12\/siaba-besar-2.jpg 600w\" sizes=\"(max-width: 800px) 100vw, 400px\" \/><\/a><\/span><\/div><div class=\"fusion-clearfix\"><\/div><\/div><\/div><div class=\"fusion-layout-column fusion_builder_column fusion-builder-column-4 fusion_builder_column_1_3 1_3 fusion-one-third\" style=\"--awb-bg-size:cover;width:33.333333333333%;width:calc(33.333333333333% - ( ( 4% + 4% ) * 0.33333333333333 ) );margin-right: 4%;\"><div class=\"fusion-column-wrapper fusion-column-has-shadow fusion-flex-column-wrapper-legacy\"><div class=\"fusion-image-element in-legacy-container\" style=\"--awb-caption-title-font-family:var(--h2_typography-font-family);--awb-caption-title-font-weight:var(--h2_typography-font-weight);--awb-caption-title-font-style:var(--h2_typography-font-style);--awb-caption-title-size:var(--h2_typography-font-size);--awb-caption-title-transform:var(--h2_typography-text-transform);--awb-caption-title-line-height:var(--h2_typography-line-height);--awb-caption-title-letter-spacing:var(--h2_typography-letter-spacing);\"><span class=\" fusion-imageframe imageframe-none imageframe-2 hover-type-zoomin\"><a class=\"fusion-no-lightbox\" href=\"https:\/\/www.captainkomodo.com\/fr\/destinations\/grotte-de-rangko\/\" target=\"_self\" aria-label=\"Grotte de Rangko Komodo\"><img decoding=\"async\" width=\"600\" height=\"400\" src=\"https:\/\/www.captainkomodo.com\/wp-content\/uploads\/2019\/12\/rangko-cave-with-title.jpg\" alt class=\"img-responsive wp-image-1204\" srcset=\"https:\/\/www.captainkomodo.com\/wp-content\/uploads\/2019\/12\/rangko-cave-with-title-200x133.jpg 200w, https:\/\/www.captainkomodo.com\/wp-content\/uploads\/2019\/12\/rangko-cave-with-title-400x267.jpg 400w, https:\/\/www.captainkomodo.com\/wp-content\/uploads\/2019\/12\/rangko-cave-with-title.jpg 600w\" sizes=\"(max-width: 800px) 100vw, 400px\" \/><\/a><\/span><\/div><div class=\"fusion-clearfix\"><\/div><\/div><\/div><div class=\"fusion-layout-column fusion_builder_column fusion-builder-column-5 fusion_builder_column_1_3 1_3 fusion-one-third fusion-column-last\" style=\"--awb-bg-size:cover;width:33.333333333333%;width:calc(33.333333333333% - ( ( 4% + 4% ) * 0.33333333333333 ) );\"><div class=\"fusion-column-wrapper fusion-column-has-shadow fusion-flex-column-wrapper-legacy\"><div class=\"fusion-image-element in-legacy-container\" style=\"--awb-caption-title-font-family:var(--h2_typography-font-family);--awb-caption-title-font-weight:var(--h2_typography-font-weight);--awb-caption-title-font-style:var(--h2_typography-font-style);--awb-caption-title-size:var(--h2_typography-font-size);--awb-caption-title-transform:var(--h2_typography-text-transform);--awb-caption-title-line-height:var(--h2_typography-line-height);--awb-caption-title-letter-spacing:var(--h2_typography-letter-spacing);\"><span class=\" fusion-imageframe imageframe-none imageframe-3 hover-type-none\"><a class=\"fusion-no-lightbox\" href=\"https:\/\/www.captainkomodo.com\/fr\/destinations\/taka-makassar\/\" target=\"_self\" aria-label=\"Manta Point vue drone\"><img decoding=\"async\" width=\"600\" height=\"400\" alt=\"Manta Point\" src=\"https:\/\/www.captainkomodo.com\/wp-content\/uploads\/2019\/12\/taka-makassar-aerial-view.jpg\" class=\"img-responsive wp-image-1223\" srcset=\"https:\/\/www.captainkomodo.com\/wp-content\/uploads\/2019\/12\/taka-makassar-aerial-view-200x133.jpg 200w, https:\/\/www.captainkomodo.com\/wp-content\/uploads\/2019\/12\/taka-makassar-aerial-view-400x267.jpg 400w, https:\/\/www.captainkomodo.com\/wp-content\/uploads\/2019\/12\/taka-makassar-aerial-view.jpg 600w\" sizes=\"(max-width: 800px) 100vw, 400px\" \/><\/a><\/span><\/div><div class=\"fusion-clearfix\"><\/div><\/div><\/div><\/div><\/div><\/p>\n","protected":false},"excerpt":{"rendered":"","protected":false},"author":2,"featured_media":0,"parent":723,"menu_order":0,"comment_status":"closed","ping_status":"closed","template":"","meta":{"footnotes":""},"class_list":["post-1845","page","type-page","status-publish","hentry"],"yoast_head":"<!-- This site is optimized with the Yoast SEO plugin v27.4 - https:\/\/yoast.com\/product\/yoast-seo-wordpress\/ -->\n<title>\u00cele de Rinca : Rencontrez les derniers dinausors. R\u00e9servez maintenant !<\/title>\n<meta name=\"description\" content=\"L&#039;\u00eele de Rinca a une plus grande population de dragons de Komodo que l&#039;\u00eele de Komodo avec plus de 1300 individus vivant sur cette immense \u00eele.\" \/>\n<meta name=\"robots\" content=\"index, follow, max-snippet:-1, max-image-preview:large, max-video-preview:-1\" \/>\n<link rel=\"canonical\" href=\"https:\/\/www.captainkomodo.com\/fr\/destinations\/ile-de-rinca\/\" \/>\n<meta property=\"og:locale\" content=\"fr_FR\" \/>\n<meta property=\"og:type\" content=\"article\" \/>\n<meta property=\"og:title\" content=\"\u00cele de Rinca : Rencontrez les derniers dinausors. R\u00e9servez maintenant !\" \/>\n<meta property=\"og:description\" content=\"L&#039;\u00eele de Rinca a une plus grande population de dragons de Komodo que l&#039;\u00eele de Komodo avec plus de 1300 individus vivant sur cette immense \u00eele.\" \/>\n<meta property=\"og:url\" content=\"https:\/\/www.captainkomodo.com\/fr\/destinations\/ile-de-rinca\/\" \/>\n<meta property=\"og:site_name\" content=\"Captain Komodo\" \/>\n<meta property=\"article:publisher\" content=\"https:\/\/www.facebook.com\/captainkomodo\" \/>\n<meta property=\"article:modified_time\" content=\"2020-10-16T04:00:57+00:00\" \/>\n<meta name=\"twitter:card\" content=\"summary_large_image\" \/>\n<meta name=\"twitter:site\" content=\"@captainkomodo\" \/>\n<meta name=\"twitter:label1\" content=\"Dur\u00e9e de lecture estim\u00e9e\" \/>\n\t<meta name=\"twitter:data1\" content=\"10 minutes\" \/>\n<script type=\"application\/ld+json\" class=\"yoast-schema-graph\">{\"@context\":\"https:\\\/\\\/schema.org\",\"@graph\":[{\"@type\":\"WebPage\",\"@id\":\"https:\\\/\\\/www.captainkomodo.com\\\/fr\\\/destinations\\\/ile-de-rinca\\\/\",\"url\":\"https:\\\/\\\/www.captainkomodo.com\\\/fr\\\/destinations\\\/ile-de-rinca\\\/\",\"name\":\"\u00cele de Rinca : Rencontrez les derniers dinausors. R\u00e9servez maintenant !\",\"isPartOf\":{\"@id\":\"https:\\\/\\\/www.captainkomodo.com\\\/fr\\\/#website\"},\"datePublished\":\"2020-10-06T01:52:44+00:00\",\"dateModified\":\"2020-10-16T04:00:57+00:00\",\"description\":\"L'\u00eele de Rinca a une plus grande population de dragons de Komodo que l'\u00eele de Komodo avec plus de 1300 individus vivant sur cette immense \u00eele.\",\"breadcrumb\":{\"@id\":\"https:\\\/\\\/www.captainkomodo.com\\\/fr\\\/destinations\\\/ile-de-rinca\\\/#breadcrumb\"},\"inLanguage\":\"fr-FR\",\"potentialAction\":[{\"@type\":\"ReadAction\",\"target\":[\"https:\\\/\\\/www.captainkomodo.com\\\/fr\\\/destinations\\\/ile-de-rinca\\\/\"]}]},{\"@type\":\"BreadcrumbList\",\"@id\":\"https:\\\/\\\/www.captainkomodo.com\\\/fr\\\/destinations\\\/ile-de-rinca\\\/#breadcrumb\",\"itemListElement\":[{\"@type\":\"ListItem\",\"position\":1,\"name\":\"Home\",\"item\":\"https:\\\/\\\/www.captainkomodo.com\\\/fr\\\/\"},{\"@type\":\"ListItem\",\"position\":2,\"name\":\"Spots\",\"item\":\"https:\\\/\\\/www.captainkomodo.com\\\/fr\\\/destinations\\\/\"},{\"@type\":\"ListItem\",\"position\":3,\"name\":\"Rinca\"}]},{\"@type\":\"WebSite\",\"@id\":\"https:\\\/\\\/www.captainkomodo.com\\\/fr\\\/#website\",\"url\":\"https:\\\/\\\/www.captainkomodo.com\\\/fr\\\/\",\"name\":\"CaptainKomodo\",\"description\":\"Liveaboard Boat Komodo islands\",\"publisher\":{\"@id\":\"https:\\\/\\\/www.captainkomodo.com\\\/fr\\\/#organization\"},\"potentialAction\":[{\"@type\":\"SearchAction\",\"target\":{\"@type\":\"EntryPoint\",\"urlTemplate\":\"https:\\\/\\\/www.captainkomodo.com\\\/fr\\\/?s={search_term_string}\"},\"query-input\":{\"@type\":\"PropertyValueSpecification\",\"valueRequired\":true,\"valueName\":\"search_term_string\"}}],\"inLanguage\":\"fr-FR\"},{\"@type\":\"Organization\",\"@id\":\"https:\\\/\\\/www.captainkomodo.com\\\/fr\\\/#organization\",\"name\":\"Captain Komodo\",\"url\":\"https:\\\/\\\/www.captainkomodo.com\\\/fr\\\/\",\"logo\":{\"@type\":\"ImageObject\",\"inLanguage\":\"fr-FR\",\"@id\":\"https:\\\/\\\/www.captainkomodo.com\\\/fr\\\/#\\\/schema\\\/logo\\\/image\\\/\",\"url\":\"https:\\\/\\\/www.captainkomodo.com\\\/wp-content\\\/uploads\\\/2019\\\/11\\\/logo-transparent-400.png\",\"contentUrl\":\"https:\\\/\\\/www.captainkomodo.com\\\/wp-content\\\/uploads\\\/2019\\\/11\\\/logo-transparent-400.png\",\"width\":400,\"height\":503,\"caption\":\"Captain Komodo\"},\"image\":{\"@id\":\"https:\\\/\\\/www.captainkomodo.com\\\/fr\\\/#\\\/schema\\\/logo\\\/image\\\/\"},\"sameAs\":[\"https:\\\/\\\/www.facebook.com\\\/captainkomodo\",\"https:\\\/\\\/x.com\\\/captainkomodo\",\"https:\\\/\\\/www.instagram.com\\\/captainkomodo\",\"https:\\\/\\\/www.youtube.com\\\/channel\\\/UCPcx3nuaDyPrZqKf0N44umw\"]}]}<\/script>\n<!-- \/ Yoast SEO plugin. -->","yoast_head_json":{"title":"\u00cele de Rinca : Rencontrez les derniers dinausors. R\u00e9servez maintenant !","description":"L'\u00eele de Rinca a une plus grande population de dragons de Komodo que l'\u00eele de Komodo avec plus de 1300 individus vivant sur cette immense \u00eele.","robots":{"index":"index","follow":"follow","max-snippet":"max-snippet:-1","max-image-preview":"max-image-preview:large","max-video-preview":"max-video-preview:-1"},"canonical":"https:\/\/www.captainkomodo.com\/fr\/destinations\/ile-de-rinca\/","og_locale":"fr_FR","og_type":"article","og_title":"\u00cele de Rinca : Rencontrez les derniers dinausors. R\u00e9servez maintenant !","og_description":"L'\u00eele de Rinca a une plus grande population de dragons de Komodo que l'\u00eele de Komodo avec plus de 1300 individus vivant sur cette immense \u00eele.","og_url":"https:\/\/www.captainkomodo.com\/fr\/destinations\/ile-de-rinca\/","og_site_name":"Captain Komodo","article_publisher":"https:\/\/www.facebook.com\/captainkomodo","article_modified_time":"2020-10-16T04:00:57+00:00","twitter_card":"summary_large_image","twitter_site":"@captainkomodo","twitter_misc":{"Dur\u00e9e de lecture estim\u00e9e":"10 minutes"},"schema":{"@context":"https:\/\/schema.org","@graph":[{"@type":"WebPage","@id":"https:\/\/www.captainkomodo.com\/fr\/destinations\/ile-de-rinca\/","url":"https:\/\/www.captainkomodo.com\/fr\/destinations\/ile-de-rinca\/","name":"\u00cele de Rinca : Rencontrez les derniers dinausors. R\u00e9servez maintenant !","isPartOf":{"@id":"https:\/\/www.captainkomodo.com\/fr\/#website"},"datePublished":"2020-10-06T01:52:44+00:00","dateModified":"2020-10-16T04:00:57+00:00","description":"L'\u00eele de Rinca a une plus grande population de dragons de Komodo que l'\u00eele de Komodo avec plus de 1300 individus vivant sur cette immense \u00eele.","breadcrumb":{"@id":"https:\/\/www.captainkomodo.com\/fr\/destinations\/ile-de-rinca\/#breadcrumb"},"inLanguage":"fr-FR","potentialAction":[{"@type":"ReadAction","target":["https:\/\/www.captainkomodo.com\/fr\/destinations\/ile-de-rinca\/"]}]},{"@type":"BreadcrumbList","@id":"https:\/\/www.captainkomodo.com\/fr\/destinations\/ile-de-rinca\/#breadcrumb","itemListElement":[{"@type":"ListItem","position":1,"name":"Home","item":"https:\/\/www.captainkomodo.com\/fr\/"},{"@type":"ListItem","position":2,"name":"Spots","item":"https:\/\/www.captainkomodo.com\/fr\/destinations\/"},{"@type":"ListItem","position":3,"name":"Rinca"}]},{"@type":"WebSite","@id":"https:\/\/www.captainkomodo.com\/fr\/#website","url":"https:\/\/www.captainkomodo.com\/fr\/","name":"CaptainKomodo","description":"Liveaboard Boat Komodo islands","publisher":{"@id":"https:\/\/www.captainkomodo.com\/fr\/#organization"},"potentialAction":[{"@type":"SearchAction","target":{"@type":"EntryPoint","urlTemplate":"https:\/\/www.captainkomodo.com\/fr\/?s={search_term_string}"},"query-input":{"@type":"PropertyValueSpecification","valueRequired":true,"valueName":"search_term_string"}}],"inLanguage":"fr-FR"},{"@type":"Organization","@id":"https:\/\/www.captainkomodo.com\/fr\/#organization","name":"Captain Komodo","url":"https:\/\/www.captainkomodo.com\/fr\/","logo":{"@type":"ImageObject","inLanguage":"fr-FR","@id":"https:\/\/www.captainkomodo.com\/fr\/#\/schema\/logo\/image\/","url":"https:\/\/www.captainkomodo.com\/wp-content\/uploads\/2019\/11\/logo-transparent-400.png","contentUrl":"https:\/\/www.captainkomodo.com\/wp-content\/uploads\/2019\/11\/logo-transparent-400.png","width":400,"height":503,"caption":"Captain Komodo"},"image":{"@id":"https:\/\/www.captainkomodo.com\/fr\/#\/schema\/logo\/image\/"},"sameAs":["https:\/\/www.facebook.com\/captainkomodo","https:\/\/x.com\/captainkomodo","https:\/\/www.instagram.com\/captainkomodo","https:\/\/www.youtube.com\/channel\/UCPcx3nuaDyPrZqKf0N44umw"]}]}},"_links":{"self":[{"href":"https:\/\/www.captainkomodo.com\/fr\/wp-json\/wp\/v2\/pages\/1845","targetHints":{"allow":["GET"]}}],"collection":[{"href":"https:\/\/www.captainkomodo.com\/fr\/wp-json\/wp\/v2\/pages"}],"about":[{"href":"https:\/\/www.captainkomodo.com\/fr\/wp-json\/wp\/v2\/types\/page"}],"author":[{"embeddable":true,"href":"https:\/\/www.captainkomodo.com\/fr\/wp-json\/wp\/v2\/users\/2"}],"replies":[{"embeddable":true,"href":"https:\/\/www.captainkomodo.com\/fr\/wp-json\/wp\/v2\/comments?post=1845"}],"version-history":[{"count":5,"href":"https:\/\/www.captainkomodo.com\/fr\/wp-json\/wp\/v2\/pages\/1845\/revisions"}],"predecessor-version":[{"id":2322,"href":"https:\/\/www.captainkomodo.com\/fr\/wp-json\/wp\/v2\/pages\/1845\/revisions\/2322"}],"up":[{"embeddable":true,"href":"https:\/\/www.captainkomodo.com\/fr\/wp-json\/wp\/v2\/pages\/723"}],"wp:attachment":[{"href":"https:\/\/www.captainkomodo.com\/fr\/wp-json\/wp\/v2\/media?parent=1845"}],"curies":[{"name":"wp","href":"https:\/\/api.w.org\/{rel}","templated":true}]}}